{"id":3602,"date":"2024-02-26T12:50:18","date_gmt":"2024-02-26T11:50:18","guid":{"rendered":"https:\/\/drustvo-sos.si?page_id=3602"},"modified":"2024-03-07T16:13:07","modified_gmt":"2024-03-07T15:13:07","slug":"pravno-obvestilo","status":"publish","type":"page","link":"https:\/\/drustvo-sos.si\/sl_si\/pravno-obvestilo\/","title":{"rendered":"Pravno obvestilo"},"content":{"rendered":"<div class=\"fusion-fullwidth fullwidth-box fusion-builder-row-1 fusion-flex-container nonhundred-percent-fullwidth non-hundred-percent-height-scrolling\" style=\"--awb-background-position:left top;--awb-border-radius-top-left:0px;--awb-border-radius-top-right:0px;--awb-border-radius-bottom-right:0px;--awb-border-radius-bottom-left:0px;--awb-padding-top:2vw;--awb-padding-bottom:3vw;--awb-background-color:#ffffff;--awb-background-size:contain;--awb-flex-wrap:wrap;\" ><div class=\"fusion-builder-row fusion-row fusion-flex-align-items-stretch fusion-flex-content-wrap\" style=\"max-width:1365px;margin-left: calc(-5% \/ 2 );margin-right: calc(-5% \/ 2 );\"><div class=\"fusion-layout-column fusion_builder_column fusion-builder-column-0 fusion_builder_column_1_1 1_1 fusion-flex-column\" style=\"--awb-bg-position:right center;--awb-bg-size:40%;--awb-width-large:100%;--awb-margin-top-large:0px;--awb-spacing-right-large:2.375%;--awb-margin-bottom-large:20px;--awb-spacing-left-large:2.375%;--awb-width-medium:100%;--awb-order-medium:0;--awb-spacing-right-medium:2.375%;--awb-spacing-left-medium:2.375%;--awb-width-small:100%;--awb-order-small:0;--awb-spacing-right-small:2.375%;--awb-spacing-left-small:2.375%;\"><div class=\"fusion-column-wrapper fusion-column-has-shadow fusion-flex-justify-content-flex-start fusion-content-layout-column\"><div class=\"fusion-text fusion-text-1 fusion-text-no-margin\" style=\"--awb-font-size:16px;--awb-line-height:1.6;--awb-letter-spacing:var(--awb-typography4-letter-spacing);--awb-text-transform:var(--awb-typography4-text-transform);--awb-text-color:var(--awb-color7);--awb-margin-top:20px;--awb-margin-bottom:10px;\"><h2>PRAVNO OBVESTILO<\/h2>\n<h4>Za\u0161\u010dita pravic<\/h4>\n<p>Predmet tega obvestila so spletne strani na naslovu <a href=\"https:\/\/drustvo-sos.si\/\/\">https:\/\/drustvo-sos.si\/\/<\/a>. Vsa vsebina na teh spletnih straneh je last Dru\u0161tva SOS telefon za \u017eenske in otroke \u2013 \u017ertve nasilja (razen \u010de ni druga\u010de navedeno) in je informativne narave.<\/p>\n<h4>Omejena odgovornost<\/h4>\n<p>Dru\u0161tvo SOS telefon za \u017eenske in otroke \u2013 \u017ertve nasilja ne odgovarja za uporabo spletnih strani <a href=\"https:\/\/drustvo-sos.si\/\/\">https:\/\/drustvo-sos.si\/\/<\/a> in za morebitno \u0161kodo, povzro\u010deno z uporabo tam nahajajo\u010dih se spletnih vsebin.<\/p>\n<p>Dru\u0161tvo SOS telefon za \u017eenske in otroke \u2013 \u017ertve nasilja se bo trudilo za pravilnost informacij.<\/p>\n<p>Dru\u0161tvo SOS telefon za \u017eenske in otroke \u2013 \u017ertve nasilja lahko vse vsebine spreminja kadarkoli, brez obveznosti do obve\u0161\u010danja uporabnikov, in ne odgovarja za posledice tako povzro\u010denih sprememb.<\/p>\n<h4>Omejena pravica uporabe vsebin<\/h4>\n<p>Uporabnice in uporabniki lahko razpolagajo z vsebinami na spletnem naslovu <a href=\"https:\/\/drustvo-sos.si\/\/\">https:\/\/drustvo-sos.si\/\/<\/a> za svojo osebno uporabo, pri \u010demer ne smejo biti kr\u0161ene avtorske pravice. Avtorice vsebin niso odgovorne za morebitne \u0161kodljive posledice uporabe. Kakr\u0161nakoli druga uporaba ali distribucija teh spletnih vsebin ali njihovega dela ni dovoljena.<\/p>\n<h4>Varovanje osebnih podatkov<\/h4>\n<ul>\n<li>Nikoli ne bomo zlorabili va\u0161ih osebnih podatkov na kakr\u0161en koli na\u010din.<\/li>\n<li>Va\u0161ih kontaktnih in osebnih podatkov ne bomo nikoli posredovali tretji stranki, razen \u010de tako zahteva zakon.<\/li>\n<li>Nikoli vam ne bomo poslali e-sporo\u010dil, na katere se niste prijavili.<\/li>\n<li>Kadar koli se lahko odjavite od katere koli na\u0161e e-po\u0161te.<\/li>\n<\/ul>\n<h4>Zbiranje in obdelovanje osebnih podatkov<\/h4>\n<p>Osebni podatek je informacija, ki vas identificira: va\u0161e ime, priimek, elektronski ali navadni naslov, itd. Na\u0161a spletna stran ne zbira va\u0161ih osebnih podatkov razen spletnega identifikatorja (naslov IP), kadar vi to omogo\u010dite. Vsi va\u0161i podatki se hranijo ves \u010das na\u0161ega sodelovanja oz. potencialnega sodelovanja.<\/p>\n<h4>Uporaba in \u0161irjenje osebnih podatkov<\/h4>\n<p>Na\u0161a spletna stran bo uporabila va\u0161e osebne podatke (naslov IP) izklju\u010dno zaradi tehni\u010dnih razlogov administracije na spletni strani, da vam zagotovi dostop do informacij in za normalno delovanje spletne strani. Na\u0161a spletna stran ne bo posredovala va\u0161ih osebnih podatkov tretji stranki ali jih kakor koli tr\u017eila drugje, razen \u010de posredovanja podatkov tretji stranki izrecno dovolite.<\/p>\n<h4>Umik soglasja<\/h4>\n<p>Svoje soglasje za nadaljnjo uporabo spletnega identifikatorja lahko kadarkoli v celoti ali deloma umaknete tako, da kliknete na gumb Zasebnost ob levi strani in odkljukate mo\u017enost zbiranja statistike.<\/p>\n<h4>Pravica do obve\u0161\u010denosti<\/h4>\n<p>\u010ce imate kakr\u0161na koli vpra\u0161anja v zvezi z na\u0161o politiko varovanja osebnih podatkov ali kako so va\u0161i osebni podatki obravnavani, se lahko brez zadr\u017ekov obrnete na nas. Na podlagi va\u0161e zahteve vas bomo obvestili \u2013 pisno in v skladu z zakonodajo \u2013 kateri osebni podatki, \u010de sploh kateri, so bili zbrani med obiskom na\u0161e spletne stran.<\/p>\n<h4>Povezave do drugih spletnih strani<\/h4>\n<p>Na\u0161e spletna stran lahko vsebuje povezave do drugih spletnih strani, za katere ta izjava o varovanju osebnih podatkov ne velja. Ko zapu\u0161\u010date na\u0161o spletno stran, si zato vnovi\u010d preberite izjave o varovanju osebnih podatkov vsake spletne strani, ki zbira osebne identifikacijske podatke.<\/p>\n<h2>PI\u0160KOTKI<\/h2>\n<h4>Uporabljeni pi\u0161kotki<\/h4>\n<p>[render_cookies_list]<\/p>\n<\/div><div ><a class=\"fusion-button button-flat fusion-button-default-size button-default fusion-button-default button-1 fusion-button-span-yes fusion-button-default-type\" style=\"--awb-margin-top:20px;\" target=\"_self\" href=\"https:\/\/drustvo-sos.si\/varna-uporaba-strani\/\"><span class=\"fusion-button-text awb-button__text awb-button__text--default\">VARNOST NA INTERNETU<\/span><\/a><\/div><\/div><\/div><\/div><\/div>\n","protected":false},"excerpt":{"rendered":"","protected":false},"author":44,"featured_media":2846,"parent":0,"menu_order":0,"comment_status":"closed","ping_status":"closed","template":"100-width.php","meta":{"footnotes":""},"class_list":["post-3602","page","type-page","status-publish","has-post-thumbnail","hentry"],"_links":{"self":[{"href":"https:\/\/drustvo-sos.si\/sl_si\/wp-json\/wp\/v2\/pages\/3602","targetHints":{"allow":["GET"]}}],"collection":[{"href":"https:\/\/drustvo-sos.si\/sl_si\/wp-json\/wp\/v2\/pages"}],"about":[{"href":"https:\/\/drustvo-sos.si\/sl_si\/wp-json\/wp\/v2\/types\/page"}],"author":[{"embeddable":true,"href":"https:\/\/drustvo-sos.si\/sl_si\/wp-json\/wp\/v2\/users\/44"}],"replies":[{"embeddable":true,"href":"https:\/\/drustvo-sos.si\/sl_si\/wp-json\/wp\/v2\/comments?post=3602"}],"version-history":[{"count":0,"href":"https:\/\/drustvo-sos.si\/sl_si\/wp-json\/wp\/v2\/pages\/3602\/revisions"}],"wp:featuredmedia":[{"embeddable":true,"href":"https:\/\/drustvo-sos.si\/sl_si\/wp-json\/wp\/v2\/media\/2846"}],"wp:attachment":[{"href":"https:\/\/drustvo-sos.si\/sl_si\/wp-json\/wp\/v2\/media?parent=3602"}],"curies":[{"name":"wp","href":"https:\/\/api.w.org\/{rel}","templated":true}]}}