{"id":3148,"date":"2024-02-13T13:59:54","date_gmt":"2024-02-13T12:59:54","guid":{"rendered":"https:\/\/drustvo-sos.si?page_id=3148"},"modified":"2024-03-07T16:03:36","modified_gmt":"2024-03-07T15:03:36","slug":"sos-knjiznica","status":"publish","type":"page","link":"https:\/\/drustvo-sos.si\/sl_si\/sos-knjiznica\/","title":{"rendered":"SOS knji\u017enica"},"content":{"rendered":"<div class=\"fusion-fullwidth fullwidth-box fusion-builder-row-1 fusion-flex-container nonhundred-percent-fullwidth non-hundred-percent-height-scrolling\" style=\"--awb-background-position:left top;--awb-border-sizes-left:3vw;--awb-border-sizes-right:3vw;--awb-border-color:var(--awb-color1);--awb-border-radius-top-left:0px;--awb-border-radius-top-right:0px;--awb-border-radius-bottom-right:0px;--awb-border-radius-bottom-left:0px;--awb-padding-bottom:2vw;--awb-background-color:var(--awb-color1);--awb-background-size:contain;--awb-flex-wrap:wrap;\" ><div class=\"fusion-builder-row fusion-row fusion-flex-align-items-stretch fusion-flex-content-wrap\" style=\"max-width:1365px;margin-left: calc(-5% \/ 2 );margin-right: calc(-5% \/ 2 );\"><div class=\"fusion-layout-column fusion_builder_column fusion-builder-column-0 fusion_builder_column_1_1 1_1 fusion-flex-column\" style=\"--awb-padding-top:30px;--awb-bg-position:right center;--awb-bg-size:40%;--awb-width-large:100%;--awb-margin-top-large:0px;--awb-spacing-right-large:2.375%;--awb-margin-bottom-large:20px;--awb-spacing-left-large:2.375%;--awb-width-medium:100%;--awb-order-medium:0;--awb-spacing-right-medium:2.375%;--awb-spacing-left-medium:2.375%;--awb-width-small:100%;--awb-order-small:0;--awb-spacing-right-small:2.375%;--awb-spacing-left-small:2.375%;\" id=\"projekti\" data-scroll-devices=\"small-visibility,medium-visibility,large-visibility\"><div class=\"fusion-column-wrapper fusion-column-has-shadow fusion-flex-justify-content-flex-start fusion-content-layout-column\"><div class=\"fusion-text fusion-text-1 fusion-text-no-margin\" style=\"--awb-font-size:16px;--awb-line-height:var(--awb-typography2-line-height);--awb-letter-spacing:var(--awb-typography2-letter-spacing);--awb-text-transform:uppercase;--awb-text-color:var(--awb-color5);--awb-margin-bottom:6px;\"><p><strong>Publikacije<\/strong><\/p>\n<\/div><div class=\"fusion-separator\" style=\"align-self: flex-start;margin-right:auto;margin-bottom:50px;width:100%;max-width:130px;\"><div class=\"fusion-separator-border sep-single sep-solid\" style=\"--awb-height:20px;--awb-amount:20px;--awb-sep-color:var(--awb-color6);border-color:var(--awb-color6);border-top-width:1px;\"><\/div><\/div><div class=\"fusion-recent-posts fusion-recent-posts-1 avada-container layout-default layout-columns-4\" style=\"--h3_typography-font-size:22px;\"><section class=\"fusion-columns columns fusion-columns-4 columns-4\"><article class=\"post fusion-column column col col-lg-3 col-md-3 col-sm-3\"><div class=\"fusion-flexslider fusion-flexslider-loading flexslider flexslider-hover-type-none\"><ul class=\"slides\"><li><a href=\"https:\/\/drustvo-sos.si\/sl_si\/publikacije\/v-njeni-kozi-2\/\" aria-label=\"V njeni ko\u017ei\" class=\"hover-type-none\"><img decoding=\"async\" width=\"700\" height=\"441\" src=\"https:\/\/drustvo-sos.si\/wp-content\/uploads\/2023\/12\/drustvo-sos-publikacije-v-njeni-kozi-700x441.jpg\" class=\"attachment-recent-posts size-recent-posts lazyload\" alt=\"&quot;&quot;\" srcset=\"data:image\/svg+xml,%3Csvg%20xmlns%3D%27http%3A%2F%2Fwww.w3.org%2F2000%2Fsvg%27%20width%3D%27820%27%20height%3D%27462%27%20viewBox%3D%270%200%20820%20462%27%3E%3Crect%20width%3D%27820%27%20height%3D%27462%27%20fill-opacity%3D%220%22%2F%3E%3C%2Fsvg%3E\" data-orig-src=\"https:\/\/drustvo-sos.si\/wp-content\/uploads\/2023\/12\/drustvo-sos-publikacije-v-njeni-kozi-700x441.jpg\" data-srcset=\"https:\/\/drustvo-sos.si\/wp-content\/uploads\/2023\/12\/drustvo-sos-publikacije-v-njeni-kozi-320x202.jpg 320w, https:\/\/drustvo-sos.si\/wp-content\/uploads\/2023\/12\/drustvo-sos-publikacije-v-njeni-kozi-700x441.jpg 700w\" data-sizes=\"auto\" \/><\/a><\/li><\/ul><\/div><div class=\"recent-posts-content\"><span class=\"vcard\" style=\"display: none;\"><span class=\"fn\"><a href=\"https:\/\/drustvo-sos.si\/sl_si\/author\/ppeterlin\/\" title=\"Prispevki od ppeterlin\" rel=\"author\">ppeterlin<\/a><\/span><\/span><span class=\"updated\" style=\"display:none;\">2024-03-05T12:50:05+01:00<\/span><h3 class=\"entry-title\"><a href=\"https:\/\/drustvo-sos.si\/sl_si\/publikacije\/v-njeni-kozi-2\/\">V njeni ko\u017ei<\/a><\/h3><p class=\"meta\"><span class=\"vcard\" style=\"display: none;\"><span class=\"fn\"><a href=\"https:\/\/drustvo-sos.si\/sl_si\/author\/ppeterlin\/\" title=\"Prispevki od ppeterlin\" rel=\"author\">ppeterlin<\/a><\/span><\/span><span class=\"updated\" style=\"display:none;\">2024-03-05T12:50:05+01:00<\/span><\/p><\/div><\/article><article class=\"post fusion-column column col col-lg-3 col-md-3 col-sm-3\"><div class=\"fusion-flexslider fusion-flexslider-loading flexslider flexslider-hover-type-none\"><ul class=\"slides\"><li><a href=\"https:\/\/drustvo-sos.si\/sl_si\/publikacije\/prirocnik-za-delo-z-zenskami-in-otroki-z-izkusnjo-nasilja\/\" aria-label=\"Priro\u010dnik za delo z \u017eenskami in otroki z izku\u0161njo nasilja\" class=\"hover-type-none\"><img decoding=\"async\" width=\"700\" height=\"441\" src=\"https:\/\/drustvo-sos.si\/wp-content\/uploads\/2024\/02\/drustvo-sos-prirocnik-za-delo-700x441.jpg\" class=\"attachment-recent-posts size-recent-posts lazyload\" alt=\"DRU\u0160TVO SOS TELEFON ZA \u017dENSKE IN OTROKE \u2013 \u017dRTVE NASILJA Publikacije\" srcset=\"data:image\/svg+xml,%3Csvg%20xmlns%3D%27http%3A%2F%2Fwww.w3.org%2F2000%2Fsvg%27%20width%3D%27820%27%20height%3D%27462%27%20viewBox%3D%270%200%20820%20462%27%3E%3Crect%20width%3D%27820%27%20height%3D%27462%27%20fill-opacity%3D%220%22%2F%3E%3C%2Fsvg%3E\" data-orig-src=\"https:\/\/drustvo-sos.si\/wp-content\/uploads\/2024\/02\/drustvo-sos-prirocnik-za-delo-700x441.jpg\" data-srcset=\"https:\/\/drustvo-sos.si\/wp-content\/uploads\/2024\/02\/drustvo-sos-prirocnik-za-delo-320x202.jpg 320w, https:\/\/drustvo-sos.si\/wp-content\/uploads\/2024\/02\/drustvo-sos-prirocnik-za-delo-700x441.jpg 700w\" data-sizes=\"auto\" \/><\/a><\/li><\/ul><\/div><div class=\"recent-posts-content\"><span class=\"vcard\" style=\"display: none;\"><span class=\"fn\"><a href=\"https:\/\/drustvo-sos.si\/sl_si\/author\/ppeterlin\/\" title=\"Prispevki od ppeterlin\" rel=\"author\">ppeterlin<\/a><\/span><\/span><span class=\"updated\" style=\"display:none;\">2024-02-19T09:20:58+01:00<\/span><h3 class=\"entry-title\"><a href=\"https:\/\/drustvo-sos.si\/sl_si\/publikacije\/prirocnik-za-delo-z-zenskami-in-otroki-z-izkusnjo-nasilja\/\">Priro\u010dnik za delo z \u017eenskami in otroki z izku\u0161njo nasilja<\/a><\/h3><p class=\"meta\"><span class=\"vcard\" style=\"display: none;\"><span class=\"fn\"><a href=\"https:\/\/drustvo-sos.si\/sl_si\/author\/ppeterlin\/\" title=\"Prispevki od ppeterlin\" rel=\"author\">ppeterlin<\/a><\/span><\/span><span class=\"updated\" style=\"display:none;\">2024-02-19T09:20:58+01:00<\/span><\/p><\/div><\/article><article class=\"post fusion-column column col col-lg-3 col-md-3 col-sm-3\"><div class=\"fusion-flexslider fusion-flexslider-loading flexslider flexslider-hover-type-none\"><ul class=\"slides\"><li><a href=\"https:\/\/drustvo-sos.si\/sl_si\/publikacije\/izkusnje-mater-po-prijavi-spolne-zlorabe-otroka-reviktimizacija-prezivelih\/\" aria-label=\"Izku\u0161nje mater po prijavi spolne zlorabe otroka \u2013 reviktimizacija pre\u017eivelih\" class=\"hover-type-none\"><img decoding=\"async\" width=\"700\" height=\"441\" src=\"https:\/\/drustvo-sos.si\/wp-content\/uploads\/2024\/02\/drustvo-sos-izkusnje-mater-700x441.jpg\" class=\"attachment-recent-posts size-recent-posts lazyload\" alt=\"DRU\u0160TVO SOS TELEFON ZA \u017dENSKE IN OTROKE \u2013 \u017dRTVE NASILJA Publikacije\" srcset=\"data:image\/svg+xml,%3Csvg%20xmlns%3D%27http%3A%2F%2Fwww.w3.org%2F2000%2Fsvg%27%20width%3D%27820%27%20height%3D%27462%27%20viewBox%3D%270%200%20820%20462%27%3E%3Crect%20width%3D%27820%27%20height%3D%27462%27%20fill-opacity%3D%220%22%2F%3E%3C%2Fsvg%3E\" data-orig-src=\"https:\/\/drustvo-sos.si\/wp-content\/uploads\/2024\/02\/drustvo-sos-izkusnje-mater-700x441.jpg\" data-srcset=\"https:\/\/drustvo-sos.si\/wp-content\/uploads\/2024\/02\/drustvo-sos-izkusnje-mater-320x202.jpg 320w, https:\/\/drustvo-sos.si\/wp-content\/uploads\/2024\/02\/drustvo-sos-izkusnje-mater-700x441.jpg 700w\" data-sizes=\"auto\" \/><\/a><\/li><\/ul><\/div><div class=\"recent-posts-content\"><span class=\"vcard\" style=\"display: none;\"><span class=\"fn\"><a href=\"https:\/\/drustvo-sos.si\/sl_si\/author\/ppeterlin\/\" title=\"Prispevki od ppeterlin\" rel=\"author\">ppeterlin<\/a><\/span><\/span><span class=\"updated\" style=\"display:none;\">2024-07-19T13:07:02+02:00<\/span><h3 class=\"entry-title\"><a href=\"https:\/\/drustvo-sos.si\/sl_si\/publikacije\/izkusnje-mater-po-prijavi-spolne-zlorabe-otroka-reviktimizacija-prezivelih\/\">Izku\u0161nje mater po prijavi spolne zlorabe otroka \u2013 reviktimizacija pre\u017eivelih<\/a><\/h3><p class=\"meta\"><span class=\"vcard\" style=\"display: none;\"><span class=\"fn\"><a href=\"https:\/\/drustvo-sos.si\/sl_si\/author\/ppeterlin\/\" title=\"Prispevki od ppeterlin\" rel=\"author\">ppeterlin<\/a><\/span><\/span><span class=\"updated\" style=\"display:none;\">2024-07-19T13:07:02+02:00<\/span><\/p><\/div><\/article><article class=\"post fusion-column column col col-lg-3 col-md-3 col-sm-3\"><div class=\"fusion-flexslider fusion-flexslider-loading flexslider flexslider-hover-type-none\"><ul class=\"slides\"><li><a href=\"https:\/\/drustvo-sos.si\/sl_si\/publikacije\/recommendations-for-the-development-of-the-slovenian-national-programme\/\" aria-label=\"Recommendations for the development of the Slovenian national programme\" class=\"hover-type-none\"><img decoding=\"async\" width=\"700\" height=\"441\" src=\"https:\/\/drustvo-sos.si\/wp-content\/uploads\/2024\/02\/drustvo-sos-reccomendations-700x441.jpg\" class=\"attachment-recent-posts size-recent-posts lazyload\" alt=\"DRU\u0160TVO SOS TELEFON ZA \u017dENSKE IN OTROKE \u2013 \u017dRTVE NASILJA Publikacije\" srcset=\"data:image\/svg+xml,%3Csvg%20xmlns%3D%27http%3A%2F%2Fwww.w3.org%2F2000%2Fsvg%27%20width%3D%27820%27%20height%3D%27462%27%20viewBox%3D%270%200%20820%20462%27%3E%3Crect%20width%3D%27820%27%20height%3D%27462%27%20fill-opacity%3D%220%22%2F%3E%3C%2Fsvg%3E\" data-orig-src=\"https:\/\/drustvo-sos.si\/wp-content\/uploads\/2024\/02\/drustvo-sos-reccomendations-700x441.jpg\" data-srcset=\"https:\/\/drustvo-sos.si\/wp-content\/uploads\/2024\/02\/drustvo-sos-reccomendations-320x202.jpg 320w, https:\/\/drustvo-sos.si\/wp-content\/uploads\/2024\/02\/drustvo-sos-reccomendations-700x441.jpg 700w\" data-sizes=\"auto\" \/><\/a><\/li><\/ul><\/div><div class=\"recent-posts-content\"><span class=\"vcard\" style=\"display: none;\"><span class=\"fn\"><a href=\"https:\/\/drustvo-sos.si\/sl_si\/author\/ppeterlin\/\" title=\"Prispevki od ppeterlin\" rel=\"author\">ppeterlin<\/a><\/span><\/span><span class=\"updated\" style=\"display:none;\">2024-02-19T09:32:41+01:00<\/span><h3 class=\"entry-title\"><a href=\"https:\/\/drustvo-sos.si\/sl_si\/publikacije\/recommendations-for-the-development-of-the-slovenian-national-programme\/\">Recommendations for the development of the Slovenian national programme<\/a><\/h3><p class=\"meta\"><span class=\"vcard\" style=\"display: none;\"><span class=\"fn\"><a href=\"https:\/\/drustvo-sos.si\/sl_si\/author\/ppeterlin\/\" title=\"Prispevki od ppeterlin\" rel=\"author\">ppeterlin<\/a><\/span><\/span><span class=\"updated\" style=\"display:none;\">2024-02-19T09:32:41+01:00<\/span><\/p><\/div><\/article><article class=\"post fusion-column column col col-lg-3 col-md-3 col-sm-3\"><div class=\"fusion-flexslider fusion-flexslider-loading flexslider flexslider-hover-type-none\"><ul class=\"slides\"><li><a href=\"https:\/\/drustvo-sos.si\/sl_si\/publikacije\/prirocnik-za-medije\/\" aria-label=\"Priro\u010dnik za medije\" class=\"hover-type-none\"><img decoding=\"async\" width=\"700\" height=\"441\" src=\"https:\/\/drustvo-sos.si\/wp-content\/uploads\/2024\/02\/drustvo-sos-kako-porocati-o-nasilju-700x441.jpg\" class=\"attachment-recent-posts size-recent-posts lazyload\" alt=\"DRU\u0160TVO SOS TELEFON ZA \u017dENSKE IN OTROKE \u2013 \u017dRTVE NASILJA Publikacije\" srcset=\"data:image\/svg+xml,%3Csvg%20xmlns%3D%27http%3A%2F%2Fwww.w3.org%2F2000%2Fsvg%27%20width%3D%27820%27%20height%3D%27462%27%20viewBox%3D%270%200%20820%20462%27%3E%3Crect%20width%3D%27820%27%20height%3D%27462%27%20fill-opacity%3D%220%22%2F%3E%3C%2Fsvg%3E\" data-orig-src=\"https:\/\/drustvo-sos.si\/wp-content\/uploads\/2024\/02\/drustvo-sos-kako-porocati-o-nasilju-700x441.jpg\" data-srcset=\"https:\/\/drustvo-sos.si\/wp-content\/uploads\/2024\/02\/drustvo-sos-kako-porocati-o-nasilju-320x202.jpg 320w, https:\/\/drustvo-sos.si\/wp-content\/uploads\/2024\/02\/drustvo-sos-kako-porocati-o-nasilju-700x441.jpg 700w\" data-sizes=\"auto\" \/><\/a><\/li><\/ul><\/div><div class=\"recent-posts-content\"><span class=\"vcard\" style=\"display: none;\"><span class=\"fn\"><a href=\"https:\/\/drustvo-sos.si\/sl_si\/author\/ppeterlin\/\" title=\"Prispevki od ppeterlin\" rel=\"author\">ppeterlin<\/a><\/span><\/span><span class=\"updated\" style=\"display:none;\">2024-02-19T09:47:19+01:00<\/span><h3 class=\"entry-title\"><a href=\"https:\/\/drustvo-sos.si\/sl_si\/publikacije\/prirocnik-za-medije\/\">Priro\u010dnik za medije<\/a><\/h3><p class=\"meta\"><span class=\"vcard\" style=\"display: none;\"><span class=\"fn\"><a href=\"https:\/\/drustvo-sos.si\/sl_si\/author\/ppeterlin\/\" title=\"Prispevki od ppeterlin\" rel=\"author\">ppeterlin<\/a><\/span><\/span><span class=\"updated\" style=\"display:none;\">2024-02-19T09:47:19+01:00<\/span><\/p><\/div><\/article><article class=\"post fusion-column column col col-lg-3 col-md-3 col-sm-3\"><div class=\"fusion-flexslider fusion-flexslider-loading flexslider flexslider-hover-type-none\"><ul class=\"slides\"><li><a href=\"https:\/\/drustvo-sos.si\/sl_si\/publikacije\/odzivanje-socialnih-delavk-in-delavcev-na-nasilje-v-druzini\/\" aria-label=\"Odzivanje socialnih delavk in delavcev na nasilje v dru\u017eini\" class=\"hover-type-none\"><img decoding=\"async\" width=\"700\" height=\"441\" src=\"https:\/\/drustvo-sos.si\/wp-content\/uploads\/2024\/02\/drustvo-sos-odzivanje-socialnih-delavk-700x441.jpg\" class=\"attachment-recent-posts size-recent-posts lazyload\" alt=\"DRU\u0160TVO SOS TELEFON ZA \u017dENSKE IN OTROKE \u2013 \u017dRTVE NASILJA Publikacije\" srcset=\"data:image\/svg+xml,%3Csvg%20xmlns%3D%27http%3A%2F%2Fwww.w3.org%2F2000%2Fsvg%27%20width%3D%27820%27%20height%3D%27462%27%20viewBox%3D%270%200%20820%20462%27%3E%3Crect%20width%3D%27820%27%20height%3D%27462%27%20fill-opacity%3D%220%22%2F%3E%3C%2Fsvg%3E\" data-orig-src=\"https:\/\/drustvo-sos.si\/wp-content\/uploads\/2024\/02\/drustvo-sos-odzivanje-socialnih-delavk-700x441.jpg\" data-srcset=\"https:\/\/drustvo-sos.si\/wp-content\/uploads\/2024\/02\/drustvo-sos-odzivanje-socialnih-delavk-320x202.jpg 320w, https:\/\/drustvo-sos.si\/wp-content\/uploads\/2024\/02\/drustvo-sos-odzivanje-socialnih-delavk-700x441.jpg 700w\" data-sizes=\"auto\" \/><\/a><\/li><\/ul><\/div><div class=\"recent-posts-content\"><span class=\"vcard\" style=\"display: none;\"><span class=\"fn\"><a href=\"https:\/\/drustvo-sos.si\/sl_si\/author\/ppeterlin\/\" title=\"Prispevki od ppeterlin\" rel=\"author\">ppeterlin<\/a><\/span><\/span><span class=\"updated\" style=\"display:none;\">2024-02-19T09:47:37+01:00<\/span><h3 class=\"entry-title\"><a href=\"https:\/\/drustvo-sos.si\/sl_si\/publikacije\/odzivanje-socialnih-delavk-in-delavcev-na-nasilje-v-druzini\/\">Odzivanje socialnih delavk in delavcev na nasilje v dru\u017eini<\/a><\/h3><p class=\"meta\"><span class=\"vcard\" style=\"display: none;\"><span class=\"fn\"><a href=\"https:\/\/drustvo-sos.si\/sl_si\/author\/ppeterlin\/\" title=\"Prispevki od ppeterlin\" rel=\"author\">ppeterlin<\/a><\/span><\/span><span class=\"updated\" style=\"display:none;\">2024-02-19T09:47:37+01:00<\/span><\/p><\/div><\/article><article class=\"post fusion-column column col col-lg-3 col-md-3 col-sm-3\"><div class=\"fusion-flexslider fusion-flexslider-loading flexslider flexslider-hover-type-none\"><ul class=\"slides\"><li><a href=\"https:\/\/drustvo-sos.si\/sl_si\/publikacije\/protokol-medicinskih-sester-nasilje-na-delovnem-mestu\/\" aria-label=\"Protokol medicinskih sester \u2013 nasilje na delovnem mestu\" class=\"hover-type-none\"><img decoding=\"async\" width=\"700\" height=\"441\" src=\"https:\/\/drustvo-sos.si\/wp-content\/uploads\/2024\/02\/drustvo-sos-protokol-medicinskih-sester-700x441.jpg\" class=\"attachment-recent-posts size-recent-posts lazyload\" alt=\"DRU\u0160TVO SOS TELEFON ZA \u017dENSKE IN OTROKE \u2013 \u017dRTVE NASILJA Publikacije\" srcset=\"data:image\/svg+xml,%3Csvg%20xmlns%3D%27http%3A%2F%2Fwww.w3.org%2F2000%2Fsvg%27%20width%3D%27820%27%20height%3D%27462%27%20viewBox%3D%270%200%20820%20462%27%3E%3Crect%20width%3D%27820%27%20height%3D%27462%27%20fill-opacity%3D%220%22%2F%3E%3C%2Fsvg%3E\" data-orig-src=\"https:\/\/drustvo-sos.si\/wp-content\/uploads\/2024\/02\/drustvo-sos-protokol-medicinskih-sester-700x441.jpg\" data-srcset=\"https:\/\/drustvo-sos.si\/wp-content\/uploads\/2024\/02\/drustvo-sos-protokol-medicinskih-sester-320x202.jpg 320w, https:\/\/drustvo-sos.si\/wp-content\/uploads\/2024\/02\/drustvo-sos-protokol-medicinskih-sester-700x441.jpg 700w\" data-sizes=\"auto\" \/><\/a><\/li><\/ul><\/div><div class=\"recent-posts-content\"><span class=\"vcard\" style=\"display: none;\"><span class=\"fn\"><a href=\"https:\/\/drustvo-sos.si\/sl_si\/author\/ppeterlin\/\" title=\"Prispevki od ppeterlin\" rel=\"author\">ppeterlin<\/a><\/span><\/span><span class=\"updated\" style=\"display:none;\">2024-02-19T09:47:56+01:00<\/span><h3 class=\"entry-title\"><a href=\"https:\/\/drustvo-sos.si\/sl_si\/publikacije\/protokol-medicinskih-sester-nasilje-na-delovnem-mestu\/\">Protokol medicinskih sester \u2013 nasilje na delovnem mestu<\/a><\/h3><p class=\"meta\"><span class=\"vcard\" style=\"display: none;\"><span class=\"fn\"><a href=\"https:\/\/drustvo-sos.si\/sl_si\/author\/ppeterlin\/\" title=\"Prispevki od ppeterlin\" rel=\"author\">ppeterlin<\/a><\/span><\/span><span class=\"updated\" style=\"display:none;\">2024-02-19T09:47:56+01:00<\/span><\/p><\/div><\/article><article class=\"post fusion-column column col col-lg-3 col-md-3 col-sm-3\"><div class=\"fusion-flexslider fusion-flexslider-loading flexslider flexslider-hover-type-none\"><ul class=\"slides\"><li><a href=\"https:\/\/drustvo-sos.si\/sl_si\/publikacije\/na-poti-iz-nasilja-prakse-dela-proti-nasilju-nad-zenskami\/\" aria-label=\"Na poti iz nasilja. Prakse dela proti nasilju nad \u017eenskami\" class=\"hover-type-none\"><img decoding=\"async\" width=\"700\" height=\"441\" src=\"https:\/\/drustvo-sos.si\/wp-content\/uploads\/2024\/02\/drustvo-sos-na-poti-od-nasilja-700x441.jpg\" class=\"attachment-recent-posts size-recent-posts lazyload\" alt=\"DRU\u0160TVO SOS TELEFON ZA \u017dENSKE IN OTROKE \u2013 \u017dRTVE NASILJA Publikacije\" srcset=\"data:image\/svg+xml,%3Csvg%20xmlns%3D%27http%3A%2F%2Fwww.w3.org%2F2000%2Fsvg%27%20width%3D%27820%27%20height%3D%27462%27%20viewBox%3D%270%200%20820%20462%27%3E%3Crect%20width%3D%27820%27%20height%3D%27462%27%20fill-opacity%3D%220%22%2F%3E%3C%2Fsvg%3E\" data-orig-src=\"https:\/\/drustvo-sos.si\/wp-content\/uploads\/2024\/02\/drustvo-sos-na-poti-od-nasilja-700x441.jpg\" data-srcset=\"https:\/\/drustvo-sos.si\/wp-content\/uploads\/2024\/02\/drustvo-sos-na-poti-od-nasilja-320x202.jpg 320w, https:\/\/drustvo-sos.si\/wp-content\/uploads\/2024\/02\/drustvo-sos-na-poti-od-nasilja-700x441.jpg 700w\" data-sizes=\"auto\" \/><\/a><\/li><\/ul><\/div><div class=\"recent-posts-content\"><span class=\"vcard\" style=\"display: none;\"><span class=\"fn\"><a href=\"https:\/\/drustvo-sos.si\/sl_si\/author\/ppeterlin\/\" title=\"Prispevki od ppeterlin\" rel=\"author\">ppeterlin<\/a><\/span><\/span><span class=\"updated\" style=\"display:none;\">2024-02-19T09:48:15+01:00<\/span><h3 class=\"entry-title\"><a href=\"https:\/\/drustvo-sos.si\/sl_si\/publikacije\/na-poti-iz-nasilja-prakse-dela-proti-nasilju-nad-zenskami\/\">Na poti iz nasilja. Prakse dela proti nasilju nad \u017eenskami<\/a><\/h3><p class=\"meta\"><span class=\"vcard\" style=\"display: none;\"><span class=\"fn\"><a href=\"https:\/\/drustvo-sos.si\/sl_si\/author\/ppeterlin\/\" title=\"Prispevki od ppeterlin\" rel=\"author\">ppeterlin<\/a><\/span><\/span><span class=\"updated\" style=\"display:none;\">2024-02-19T09:48:15+01:00<\/span><\/p><\/div><\/article><article class=\"post fusion-column column col col-lg-3 col-md-3 col-sm-3\"><div class=\"fusion-flexslider fusion-flexslider-loading flexslider flexslider-hover-type-none\"><ul class=\"slides\"><li><a href=\"https:\/\/drustvo-sos.si\/sl_si\/publikacije\/stran-od-nasilja\/\" aria-label=\"Stran od nasilja\" class=\"hover-type-none\"><img decoding=\"async\" width=\"700\" height=\"441\" src=\"https:\/\/drustvo-sos.si\/wp-content\/uploads\/2024\/02\/drustvo-sos-stran-od-nasilja-700x441.jpg\" class=\"attachment-recent-posts size-recent-posts lazyload\" alt=\"DRU\u0160TVO SOS TELEFON ZA \u017dENSKE IN OTROKE \u2013 \u017dRTVE NASILJA Publikacije\" srcset=\"data:image\/svg+xml,%3Csvg%20xmlns%3D%27http%3A%2F%2Fwww.w3.org%2F2000%2Fsvg%27%20width%3D%27820%27%20height%3D%27462%27%20viewBox%3D%270%200%20820%20462%27%3E%3Crect%20width%3D%27820%27%20height%3D%27462%27%20fill-opacity%3D%220%22%2F%3E%3C%2Fsvg%3E\" data-orig-src=\"https:\/\/drustvo-sos.si\/wp-content\/uploads\/2024\/02\/drustvo-sos-stran-od-nasilja-700x441.jpg\" data-srcset=\"https:\/\/drustvo-sos.si\/wp-content\/uploads\/2024\/02\/drustvo-sos-stran-od-nasilja-320x202.jpg 320w, https:\/\/drustvo-sos.si\/wp-content\/uploads\/2024\/02\/drustvo-sos-stran-od-nasilja-700x441.jpg 700w\" data-sizes=\"auto\" \/><\/a><\/li><\/ul><\/div><div class=\"recent-posts-content\"><span class=\"vcard\" style=\"display: none;\"><span class=\"fn\"><a href=\"https:\/\/drustvo-sos.si\/sl_si\/author\/ppeterlin\/\" title=\"Prispevki od ppeterlin\" rel=\"author\">ppeterlin<\/a><\/span><\/span><span class=\"updated\" style=\"display:none;\">2024-02-19T09:48:33+01:00<\/span><h3 class=\"entry-title\"><a href=\"https:\/\/drustvo-sos.si\/sl_si\/publikacije\/stran-od-nasilja\/\">Stran od nasilja<\/a><\/h3><p class=\"meta\"><span class=\"vcard\" style=\"display: none;\"><span class=\"fn\"><a href=\"https:\/\/drustvo-sos.si\/sl_si\/author\/ppeterlin\/\" title=\"Prispevki od ppeterlin\" rel=\"author\">ppeterlin<\/a><\/span><\/span><span class=\"updated\" style=\"display:none;\">2024-02-19T09:48:33+01:00<\/span><\/p><\/div><\/article><article class=\"post fusion-column column col col-lg-3 col-md-3 col-sm-3\"><div class=\"fusion-flexslider fusion-flexslider-loading flexslider flexslider-hover-type-none\"><ul class=\"slides\"><li><a href=\"https:\/\/drustvo-sos.si\/sl_si\/publikacije\/nasilje-kaj-lahko-storim\/\" aria-label=\"Nasilje! Kaj lahko storim?\" class=\"hover-type-none\"><img decoding=\"async\" width=\"700\" height=\"441\" src=\"https:\/\/drustvo-sos.si\/wp-content\/uploads\/2024\/02\/Drustvo-SOS-Nasilje-Kaj-lahko-storim-1-700x441.jpg\" class=\"attachment-recent-posts size-recent-posts lazyload\" alt=\"DRU\u0160TVO SOS TELEFON ZA \u017dENSKE IN OTROKE \u2013 \u017dRTVE NASILJA Publikacije\" srcset=\"data:image\/svg+xml,%3Csvg%20xmlns%3D%27http%3A%2F%2Fwww.w3.org%2F2000%2Fsvg%27%20width%3D%27820%27%20height%3D%27462%27%20viewBox%3D%270%200%20820%20462%27%3E%3Crect%20width%3D%27820%27%20height%3D%27462%27%20fill-opacity%3D%220%22%2F%3E%3C%2Fsvg%3E\" data-orig-src=\"https:\/\/drustvo-sos.si\/wp-content\/uploads\/2024\/02\/Drustvo-SOS-Nasilje-Kaj-lahko-storim-1-700x441.jpg\" data-srcset=\"https:\/\/drustvo-sos.si\/wp-content\/uploads\/2024\/02\/Drustvo-SOS-Nasilje-Kaj-lahko-storim-1-320x202.jpg 320w, https:\/\/drustvo-sos.si\/wp-content\/uploads\/2024\/02\/Drustvo-SOS-Nasilje-Kaj-lahko-storim-1-700x441.jpg 700w\" data-sizes=\"auto\" \/><\/a><\/li><\/ul><\/div><div class=\"recent-posts-content\"><span class=\"vcard\" style=\"display: none;\"><span class=\"fn\"><a href=\"https:\/\/drustvo-sos.si\/sl_si\/author\/ppeterlin\/\" title=\"Prispevki od ppeterlin\" rel=\"author\">ppeterlin<\/a><\/span><\/span><span class=\"updated\" style=\"display:none;\">2024-02-19T10:00:34+01:00<\/span><h3 class=\"entry-title\"><a href=\"https:\/\/drustvo-sos.si\/sl_si\/publikacije\/nasilje-kaj-lahko-storim\/\">Nasilje! Kaj lahko storim?<\/a><\/h3><p class=\"meta\"><span class=\"vcard\" style=\"display: none;\"><span class=\"fn\"><a href=\"https:\/\/drustvo-sos.si\/sl_si\/author\/ppeterlin\/\" title=\"Prispevki od ppeterlin\" rel=\"author\">ppeterlin<\/a><\/span><\/span><span class=\"updated\" style=\"display:none;\">2024-02-19T10:00:34+01:00<\/span><\/p><\/div><\/article><\/section><\/div><\/div><\/div><\/div><\/div>\n","protected":false},"excerpt":{"rendered":"","protected":false},"author":44,"featured_media":2846,"parent":0,"menu_order":0,"comment_status":"closed","ping_status":"closed","template":"100-width.php","meta":{"footnotes":""},"class_list":["post-3148","page","type-page","status-publish","has-post-thumbnail","hentry"],"_links":{"self":[{"href":"https:\/\/drustvo-sos.si\/sl_si\/wp-json\/wp\/v2\/pages\/3148","targetHints":{"allow":["GET"]}}],"collection":[{"href":"https:\/\/drustvo-sos.si\/sl_si\/wp-json\/wp\/v2\/pages"}],"about":[{"href":"https:\/\/drustvo-sos.si\/sl_si\/wp-json\/wp\/v2\/types\/page"}],"author":[{"embeddable":true,"href":"https:\/\/drustvo-sos.si\/sl_si\/wp-json\/wp\/v2\/users\/44"}],"replies":[{"embeddable":true,"href":"https:\/\/drustvo-sos.si\/sl_si\/wp-json\/wp\/v2\/comments?post=3148"}],"version-history":[{"count":0,"href":"https:\/\/drustvo-sos.si\/sl_si\/wp-json\/wp\/v2\/pages\/3148\/revisions"}],"wp:featuredmedia":[{"embeddable":true,"href":"https:\/\/drustvo-sos.si\/sl_si\/wp-json\/wp\/v2\/media\/2846"}],"wp:attachment":[{"href":"https:\/\/drustvo-sos.si\/sl_si\/wp-json\/wp\/v2\/media?parent=3148"}],"curies":[{"name":"wp","href":"https:\/\/api.w.org\/{rel}","templated":true}]}}