{"id":2796,"date":"2024-02-07T12:27:17","date_gmt":"2024-02-07T11:27:17","guid":{"rendered":"https:\/\/drustvo-sos.si?page_id=2796"},"modified":"2026-01-22T09:38:52","modified_gmt":"2026-01-22T08:38:52","slug":"prostovoljke","status":"publish","type":"page","link":"https:\/\/drustvo-sos.si\/sl_si\/prostovoljke\/","title":{"rendered":"Prostovoljke"},"content":{"rendered":"<p><div class=\"fusion-fullwidth fullwidth-box fusion-builder-row-1 fusion-flex-container nonhundred-percent-fullwidth non-hundred-percent-height-scrolling\" style=\"--awb-background-position:left top;--awb-border-radius-top-left:0px;--awb-border-radius-top-right:0px;--awb-border-radius-bottom-right:0px;--awb-border-radius-bottom-left:0px;--awb-padding-top:2vw;--awb-padding-bottom:5vw;--awb-background-color:#ffffff;--awb-background-size:contain;--awb-flex-wrap:wrap;\" ><div class=\"fusion-builder-row fusion-row fusion-flex-align-items-stretch fusion-flex-content-wrap\" style=\"max-width:1365px;margin-left: calc(-5% \/ 2 );margin-right: calc(-5% \/ 2 );\"><div class=\"fusion-layout-column fusion_builder_column fusion-builder-column-0 fusion_builder_column_1_2 1_2 fusion-flex-column\" style=\"--awb-padding-top:30px;--awb-bg-position:right center;--awb-bg-size:40%;--awb-width-large:50%;--awb-margin-top-large:0px;--awb-spacing-right-large:4.75%;--awb-margin-bottom-large:20px;--awb-spacing-left-large:4.75%;--awb-width-medium:100%;--awb-order-medium:0;--awb-spacing-right-medium:2.375%;--awb-spacing-left-medium:2.375%;--awb-width-small:100%;--awb-order-small:0;--awb-spacing-right-small:2.375%;--awb-spacing-left-small:2.375%;\"><div class=\"fusion-column-wrapper fusion-column-has-shadow fusion-flex-justify-content-flex-start fusion-content-layout-column\"><div class=\"fusion-text fusion-text-1 fusion-text-no-margin\" style=\"--awb-font-size:16px;--awb-line-height:var(--awb-typography2-line-height);--awb-letter-spacing:var(--awb-typography2-letter-spacing);--awb-text-transform:uppercase;--awb-text-color:var(--awb-color5);--awb-margin-bottom:6px;\"><p><strong>pozdravljene<\/strong><\/p>\n<\/div><div class=\"fusion-separator\" style=\"align-self: flex-start;margin-right:auto;width:100%;max-width:155px;\"><div class=\"fusion-separator-border sep-single sep-solid\" style=\"--awb-height:20px;--awb-amount:20px;--awb-sep-color:var(--awb-color6);border-color:var(--awb-color6);border-top-width:1px;\"><\/div><\/div><div class=\"fusion-title title fusion-title-1 fusion-sep-none fusion-title-text fusion-title-size-two\" style=\"--awb-text-color:var(--awb-color3);--awb-margin-top:20px;--awb-margin-bottom:0px;--awb-margin-top-small:30px;--awb-margin-right-small:0px;--awb-margin-bottom-small:10px;--awb-margin-left-small:0px;--awb-font-size:48px;\"><h2 class=\"fusion-title-heading title-heading-left\" style=\"margin:0;letter-spacing:0em;text-transform:capitalize;font-size:1em;line-height:1.25;\"><h2>prostovoljke<\/h2><\/h2><\/div><div class=\"fusion-text fusion-text-2 fusion-text-no-margin\" style=\"--awb-font-size:18px;--awb-line-height:1.8;--awb-letter-spacing:var(--awb-typography4-letter-spacing);--awb-text-transform:var(--awb-typography4-text-transform);--awb-text-color:var(--awb-color7);--awb-margin-top:0px;--awb-margin-bottom:10px;\"><p>Prostovoljno delo je \u0161e posebej pomembno za izvajanje na\u0161ih programov. Prostovoljke so vklju\u010dene v izvajanje programov in aktivnosti Dru\u0161tva SOS telefon za \u017eenske in otroke \u2013 \u017ertve nasilja (svetovanje na SOS telefonu, ki se izvaja v Ljubljani in v Celju, prostovoljsko delo v na\u0161ih dveh Zato\u010di\u0161\u010dih v Ljubljani, sodelovanje pri organizaciji preventivnih aktivnosti ipd.).<\/p>\n<\/div><div class=\"fusion-title title fusion-title-2 fusion-sep-none fusion-title-text fusion-title-size-one\" style=\"--awb-margin-top-small:10px;--awb-margin-right-small:0px;--awb-margin-bottom-small:10px;--awb-margin-left-small:0px;--awb-font-size:30px;\"><h1 class=\"fusion-title-heading title-heading-left\" style=\"margin:0;font-size:1em;\"><h4 class=\"elementor-heading-title elementor-size-default\">Ima\u0161 prilo\u017enost, da spremeni\u0161 svet na bolj\u0161e. \u017de danes.<\/h4><\/h1><\/div><\/div><\/div><div class=\"fusion-layout-column fusion_builder_column fusion-builder-column-1 fusion_builder_column_1_2 1_2 fusion-flex-column fusion-flex-align-self-stretch fusion-no-small-visibility\" style=\"--awb-padding-top:50px;--awb-padding-right:50px;--awb-padding-bottom:50px;--awb-padding-left:50px;--awb-bg-color:var(--awb-color2);--awb-bg-color-hover:var(--awb-color2);--awb-bg-size:contain;--awb-width-large:50%;--awb-margin-top-large:0px;--awb-spacing-right-large:4.75%;--awb-margin-bottom-large:0px;--awb-spacing-left-large:0px;--awb-width-medium:100%;--awb-order-medium:0;--awb-spacing-right-medium:2.375%;--awb-spacing-left-medium:0px;--awb-width-small:100%;--awb-order-small:0;--awb-spacing-right-small:2.375%;--awb-spacing-left-small:2.375%;\"><div class=\"fusion-column-wrapper lazyload fusion-column-has-shadow fusion-flex-justify-content-center fusion-content-layout-column fusion-column-has-bg-image\" data-bg-url=\"https:\/\/drustvo-sos.si\/wp-content\/uploads\/2024\/01\/drustvo-sos-logo-glava-ptb.png\" data-bg=\"https:\/\/drustvo-sos.si\/wp-content\/uploads\/2024\/01\/drustvo-sos-logo-glava-ptb.png\"><div class=\"fusion-counters-box counters-box row fusion-clearfix fusion-columns-1\" style=\"--awb-margin-top:0px;--awb-margin-right:20px;--awb-margin-left:120px;--awb-body-size:16;--awb-title-size:50;\"><div class=\"fusion-counter-box fusion-column col-counter-box counter-box-wrapper col-lg-12 col-md-12 col-sm-12\" data-animationOffset=\"top-into-view\"><div class=\"counter-box-container\"><div class=\"content-box-percentage content-box-counter\"><span class=\"display-counter\" data-value=\"245\" data-direction=\"up\" data-decimals=\"0\">0<\/span><span class=\"unit\">+<\/span><\/div><div class=\"counter-box-content\">prostovoljk<\/div><\/div><\/div><\/div><div class=\"fusion-text fusion-text-3\" style=\"--awb-font-size:18px;--awb-margin-top:20px;--awb-margin-right:20px;--awb-margin-left:120px;\"><p><em>\u00bbTo delo je zahtevno in polno izzivov, a hkrati zelo nagrajujo\u010de, daje mi smisel in pomen, saj z njim prispevam k dru\u017ebenim spremembam.\u00ab<\/em><\/p>\n<\/div><\/div><\/div><div class=\"fusion-layout-column fusion_builder_column fusion-builder-column-2 fusion_builder_column_3_5 3_5 fusion-flex-column fusion-flex-align-self-stretch fusion-no-medium-visibility fusion-no-large-visibility\" style=\"--awb-padding-top:50px;--awb-padding-right:20px;--awb-padding-bottom:50px;--awb-padding-left:20px;--awb-bg-color:var(--awb-color2);--awb-bg-color-hover:var(--awb-color2);--awb-bg-size:contain;--awb-width-large:60%;--awb-margin-top-large:0px;--awb-spacing-right-large:3.9583333333333%;--awb-margin-bottom-large:0px;--awb-spacing-left-large:0px;--awb-width-medium:60%;--awb-order-medium:0;--awb-spacing-right-medium:3.9583333333333%;--awb-spacing-left-medium:0px;--awb-width-small:100%;--awb-order-small:0;--awb-spacing-right-small:2.375%;--awb-spacing-left-small:2.375%;\" data-scroll-devices=\"small-visibility,medium-visibility,large-visibility\"><div class=\"fusion-column-wrapper fusion-column-has-shadow fusion-flex-justify-content-center fusion-content-layout-column\"><div class=\"fusion-counters-box counters-box row fusion-clearfix fusion-columns-1\" style=\"--awb-margin-top:0px;--awb-margin-right:0px;--awb-margin-left:0px;--awb-body-size:16;--awb-title-size:50;\"><div class=\"fusion-counter-box fusion-column col-counter-box counter-box-wrapper col-lg-12 col-md-12 col-sm-12\" data-animationOffset=\"top-into-view\"><div class=\"counter-box-container\"><div class=\"content-box-percentage content-box-counter\"><span class=\"display-counter\" data-value=\"245\" data-direction=\"up\" data-decimals=\"0\">0<\/span><span class=\"unit\">+<\/span><\/div><div class=\"counter-box-content\">prostovoljk<\/div><\/div><\/div><\/div><div class=\"fusion-title title fusion-title-3 fusion-sep-none fusion-title-center fusion-title-text fusion-title-size-three\" style=\"--awb-margin-top-small:10px;--awb-margin-right-small:0px;--awb-margin-bottom-small:10px;--awb-margin-left-small:0px;\"><h3 class=\"fusion-title-heading title-heading-center\" style=\"margin:0;\">Izjave prostovoljk<\/h3><\/div><div class=\"fusion-testimonials clean awb-speech-bubble-show fusion-testimonials-1\" style=\"--awb-textcolor:var(--awb-color8);--awb-testimonial-text-font-size:16px;--awb-testimonial-text-letter-spacing:0px;--awb-testimonial-text-text-transform:none;--awb-backgroundcolor:rgba(255,255,255,0);--awb-margin-right:0px;--awb-margin-left:0px;--awb-testimonial-border-style:solid;--awb-testimonial-border-color:var(--awb-color3);--awb-navigation-size:8px;--awb-navigation-color:var(--awb-color4);--awb-border-top-left-radius:0px;--awb-border-top-right-radius:0px;--awb-border-bottom-left-radius:0px;--awb-border-bottom-right-radius:0px;--testimonial-border-width-top:0px;--testimonial-border-width-right:0px;--testimonial-border-width-bottom:0px;--testimonial-border-width-left:0px;\" data-random=\"0\" data-speed=\"10000\"><div class=\"reviews\"><div class=\"review active-testimonial avatar-above no-avatar\" style=\"--awb-avatar-size:50px;\"><blockquote class=\"testimonials-shortcode-blockquote\"><div class=\"awb-quote\"><div class=\"awb-quote-content\">\n<p>Biti prostovoljka na podro\u010dju nasilja ne pomeni biti v pomo\u010d le takrat. Pomeni \u017eiveti na\u010din \u017eivljenja, kjer opozarjamo, prepoznavamo, vidimo in odreagiramo na nasilje sleherni dan. Za doma\u010dimi zidovi. V \u0161oli in na fakulteti. Na delovnem mestu. Na sprehodu po ulicah. Na javnem prevozu.<\/p>\n<\/div><\/div><\/blockquote><div class=\"author\"><span class=\"company-name\"><\/span><\/div><\/div><div class=\"review avatar-above no-avatar\" style=\"--awb-avatar-size:50px;\"><blockquote class=\"testimonials-shortcode-blockquote\"><div class=\"awb-quote\"><div class=\"awb-quote-content\">\n<p>To delo je zahtevno in polno izzivov, a hkrati zelo nagrajujo\u010de, daje mi smisel in pomen, saj z njim prispevam k dru\u017ebenim spremembam.<\/p>\n<\/div><\/div><\/blockquote><div class=\"author\"><span class=\"company-name\"><\/span><\/div><\/div><div class=\"review avatar-above no-avatar\" style=\"--awb-avatar-size:50px;\"><blockquote class=\"testimonials-shortcode-blockquote\"><div class=\"awb-quote\"><div class=\"awb-quote-content\">\n<p>Besede se nas dotaknejo, saj v celoti razkrivajo, kako pomembno je \u017ertvam stati ob strani, jim verjeti v trenutku, ko to najbolj potrebujejo, jih spremljati na institucije in se za njih postaviti, jih notranje krepiti, da za\u010dnejo ponovno verjeti vase.<\/p>\n<\/div><\/div><\/blockquote><div class=\"author\"><span class=\"company-name\"><\/span><\/div><\/div><\/div><div class=\"testimonial-pagination\" id=\"fusion-testimonials-1\"><a href=\"#\" aria-label=\"Testimonial Pagination\"  class=\"activeSlide\"><\/a><a href=\"#\" aria-label=\"Testimonial Pagination\" ><\/a><a href=\"#\" aria-label=\"Testimonial Pagination\" ><\/a><\/div><\/div><\/div><\/div><\/div><\/div><div class=\"fusion-fullwidth fullwidth-box fusion-builder-row-2 fusion-flex-container has-pattern-background has-mask-background nonhundred-percent-fullwidth non-hundred-percent-height-scrolling\" style=\"--awb-border-sizes-left:8vw;--awb-border-sizes-right:8vw;--awb-border-color:var(--awb-color1);--awb-border-radius-top-left:0px;--awb-border-radius-top-right:0px;--awb-border-radius-bottom-right:0px;--awb-border-radius-bottom-left:0px;--awb-padding-right:5vw;--awb-padding-bottom:3vw;--awb-padding-left:5vw;--awb-padding-right-medium:0px;--awb-padding-left-medium:0px;--awb-background-color:var(--awb-color1);--awb-flex-wrap:wrap;\" ><div class=\"fusion-builder-row fusion-row fusion-flex-align-items-stretch fusion-flex-content-wrap\" style=\"max-width:1365px;margin-left: calc(-5% \/ 2 );margin-right: calc(-5% \/ 2 );\"><div class=\"fusion-layout-column fusion_builder_column fusion-builder-column-3 fusion_builder_column_1_1 1_1 fusion-flex-column\" style=\"--awb-bg-size:cover;--awb-width-large:100%;--awb-margin-top-large:0px;--awb-spacing-right-large:2.375%;--awb-margin-bottom-large:20px;--awb-spacing-left-large:2.375%;--awb-width-medium:100%;--awb-order-medium:0;--awb-spacing-right-medium:2.375%;--awb-spacing-left-medium:2.375%;--awb-width-small:100%;--awb-order-small:0;--awb-spacing-right-small:2.375%;--awb-spacing-left-small:2.375%;\"><div class=\"fusion-column-wrapper fusion-column-has-shadow fusion-flex-justify-content-center fusion-content-layout-column\"><div class=\"fusion-text fusion-text-4\" style=\"--awb-font-size:16px;--awb-line-height:1.6;\"><h3>Prostovoljke, dobrodo\u0161le.<\/h3>\n<\/div><div class=\"fusion-text fusion-text-5\" style=\"--awb-font-size:16px;--awb-line-height:1.6;\"><p>Uspe\u0161no zaklju\u010deno osnovno usposabljanje je pogoj za svetovalno delo v programu SOS telefon, ki ga izvajamo v Ljubljani in v Celju. V okviru osnovnega usposabljanja pridobite specializirana strokovna znanja s podro\u010dja problematike nasilja nad \u017eenskami in nasilja nad otroki ter osnovne prakti\u010dne ve\u0161\u010dine za svetovalni pogovor z \u017ertvijo nasilja.<\/p>\n<p>Posamezna udele\u017eenka se po zaklju\u010denem osnovnem usposabljanju odlo\u010di, ali \u017eeli postati prostovoljka Dru\u0161tva SOS telefon za \u017eenske in otroke \u2013 \u017ertve nasilja. \u010ce se odlo\u010di za prostovoljno delo, se vklju\u010di \u0161e v prakti\u010dno usposabljanje.<\/p>\n<p>Po uspe\u0161no zaklju\u010denem osnovnemu usposabljanju za svetovalno delo na SOS telefonu, prostovoljka podpi\u0161e Dogovor o prostovoljnem delu. Prostovoljka se obve\u017ee, da bo aktivno\u00a0 opravljala prostovoljno delo v Dru\u0161tvu vsaj 12 mesecev od uspe\u0161no zaklju\u010denega osnovnega usposabljanja.<\/p>\n<p>Za prostovoljno delo prostovoljke ne prejemajo pla\u010dila.<\/p>\n<\/div><div class=\"fusion-text fusion-text-6\" style=\"--awb-font-size:16px;--awb-line-height:1.6;\"><h3>Prijava na osnovno usposabljanje<\/h3>\n<\/div><div class=\"fusion-text fusion-text-7\"><p>\u010ce ste \u017eenskega spola, stari vsaj 18 let in vas zanima prostovoljno delo pri nas, nam pi\u0161ite na e-naslov: <a href=\"mailto:prostovoljke@drustvo-sos.si\"><strong>prostovoljke@drustvo-sos.si<\/strong><\/a> in poslale vam bomo vse nadaljnje informacije.<\/p>\n<p><strong>Prisr\u010dno vabljene.<\/strong><\/p>\n<\/div><\/div><\/div><\/div><\/div><\/p>\n","protected":false},"excerpt":{"rendered":"","protected":false},"author":44,"featured_media":2763,"parent":0,"menu_order":0,"comment_status":"closed","ping_status":"closed","template":"100-width.php","meta":{"footnotes":""},"class_list":["post-2796","page","type-page","status-publish","has-post-thumbnail","hentry"],"_links":{"self":[{"href":"https:\/\/drustvo-sos.si\/sl_si\/wp-json\/wp\/v2\/pages\/2796","targetHints":{"allow":["GET"]}}],"collection":[{"href":"https:\/\/drustvo-sos.si\/sl_si\/wp-json\/wp\/v2\/pages"}],"about":[{"href":"https:\/\/drustvo-sos.si\/sl_si\/wp-json\/wp\/v2\/types\/page"}],"author":[{"embeddable":true,"href":"https:\/\/drustvo-sos.si\/sl_si\/wp-json\/wp\/v2\/users\/44"}],"replies":[{"embeddable":true,"href":"https:\/\/drustvo-sos.si\/sl_si\/wp-json\/wp\/v2\/comments?post=2796"}],"version-history":[{"count":2,"href":"https:\/\/drustvo-sos.si\/sl_si\/wp-json\/wp\/v2\/pages\/2796\/revisions"}],"predecessor-version":[{"id":4701,"href":"https:\/\/drustvo-sos.si\/sl_si\/wp-json\/wp\/v2\/pages\/2796\/revisions\/4701"}],"wp:featuredmedia":[{"embeddable":true,"href":"https:\/\/drustvo-sos.si\/sl_si\/wp-json\/wp\/v2\/media\/2763"}],"wp:attachment":[{"href":"https:\/\/drustvo-sos.si\/sl_si\/wp-json\/wp\/v2\/media?parent=2796"}],"curies":[{"name":"wp","href":"https:\/\/api.w.org\/{rel}","templated":true}]}}