{"id":2559,"date":"2024-01-09T14:17:20","date_gmt":"2024-01-09T13:17:20","guid":{"rendered":"https:\/\/drustvo-sos.si?page_id=2559"},"modified":"2024-03-07T16:00:12","modified_gmt":"2024-03-07T15:00:12","slug":"prijava-nasilja","status":"publish","type":"page","link":"https:\/\/drustvo-sos.si\/sl_si\/prijava-nasilja\/","title":{"rendered":"Prijava nasilja"},"content":{"rendered":"<p><div class=\"fusion-fullwidth fullwidth-box fusion-builder-row-1 fusion-flex-container has-pattern-background has-mask-background hundred-percent-fullwidth non-hundred-percent-height-scrolling\" style=\"--awb-border-radius-top-left:0px;--awb-border-radius-top-right:0px;--awb-border-radius-bottom-right:0px;--awb-border-radius-bottom-left:0px;--awb-padding-right:3vw;--awb-padding-left:3vw;--awb-margin-top:-50px;--awb-flex-wrap:wrap;\" ><div class=\"fusion-builder-row fusion-row fusion-flex-align-items-flex-start fusion-flex-content-wrap\" style=\"width:105% !important;max-width:105% !important;margin-left: calc(-5% \/ 2 );margin-right: calc(-5% \/ 2 );\"><div class=\"fusion-layout-column fusion_builder_column fusion-builder-column-0 fusion_builder_column_1_1 1_1 fusion-flex-column\" style=\"--awb-bg-size:cover;--awb-width-large:100%;--awb-margin-top-large:0px;--awb-spacing-right-large:2.375%;--awb-margin-bottom-large:20px;--awb-spacing-left-large:2.375%;--awb-width-medium:100%;--awb-order-medium:0;--awb-spacing-right-medium:2.375%;--awb-spacing-left-medium:2.375%;--awb-width-small:100%;--awb-order-small:0;--awb-spacing-right-small:2.375%;--awb-spacing-left-small:2.375%;\"><div class=\"fusion-column-wrapper fusion-column-has-shadow fusion-flex-justify-content-flex-start fusion-content-layout-column\"><div class=\"fusion-title title fusion-title-1 fusion-sep-none fusion-title-marquee fusion-animate-once fusion-title-size-six\" style=\"--awb-text-color:var(--awb-color4);--awb-margin-top-small:10px;--awb-margin-right-small:0px;--awb-margin-bottom-small:10px;--awb-margin-left-small:0px;--awb-marquee-speed:20000ms;--awb-marquee-translate-x:-100%;--awb-font-size:40px;\"><h6 class=\"fusion-title-heading title-heading-left awb-marquee-left\" style=\"margin:0;font-size:1em;\"><span class=\"awb-marquee-content\">Ste pri\u010da nasilju? Ne obrnite se stran. Povejte. Va\u0161a podpora \u0161teje.\u00a0 Pokli\u010dite 080 11 55.<\/span><span class=\"awb-marquee-content\">Ste pri\u010da nasilju? Ne obrnite se stran. Povejte. Va\u0161a podpora \u0161teje.\u00a0 Pokli\u010dite 080 11 55.<\/span><\/h6><\/div><\/div><\/div><\/div><\/div><div class=\"fusion-fullwidth fullwidth-box fusion-builder-row-2 fusion-flex-container nonhundred-percent-fullwidth non-hundred-percent-height-scrolling\" style=\"--awb-background-position:left top;--awb-border-sizes-left:3vw;--awb-border-sizes-right:3vw;--awb-border-color:var(--awb-color1);--awb-border-radius-top-left:0px;--awb-border-radius-top-right:0px;--awb-border-radius-bottom-right:0px;--awb-border-radius-bottom-left:0px;--awb-padding-top:3vw;--awb-padding-bottom:2vw;--awb-background-color:var(--awb-color2);--awb-background-size:contain;--awb-flex-wrap:wrap;\" ><div class=\"fusion-builder-row fusion-row fusion-flex-align-items-stretch fusion-flex-content-wrap\" style=\"max-width:1365px;margin-left: calc(-5% \/ 2 );margin-right: calc(-5% \/ 2 );\"><div class=\"fusion-layout-column fusion_builder_column fusion-builder-column-1 fusion_builder_column_1_1 1_1 fusion-flex-column\" style=\"--awb-padding-top-medium:30px;--awb-padding-top-small:50px;--awb-padding-right-small:20px;--awb-padding-bottom-small:30px;--awb-padding-left-small:20px;--awb-bg-color:rgba(255,255,255,0);--awb-bg-color-hover:rgba(255,255,255,0);--awb-bg-size:cover;--awb-width-large:100%;--awb-margin-top-large:0px;--awb-spacing-right-large:20px;--awb-margin-bottom-large:20px;--awb-spacing-left-large:2.375%;--awb-width-medium:100%;--awb-order-medium:0;--awb-spacing-right-medium:20px;--awb-spacing-left-medium:2.375%;--awb-width-small:100%;--awb-order-small:0;--awb-spacing-right-small:2.375%;--awb-spacing-left-small:2.375%;\"><div class=\"fusion-column-wrapper fusion-column-has-shadow fusion-flex-justify-content-center fusion-content-layout-column\"><div class=\"fusion-text fusion-text-1\" style=\"--awb-font-size:16px;--awb-line-height:1.6;\"><h3>Kako lahko prijavite nasilje?<\/h3>\n<p>Prijavo nasilja v dru\u017eini lahko podate po telefonu, po e-po\u0161ti ali tako, da se osebno zglasite na najbli\u017eji Policijski postaji, Centru za socialno delo ali Okro\u017enem to\u017eilstvu. Prijavo nasilja lahko podate osebno na policijski postaji, preko klica na <strong>113 <\/strong>ali anonimno na <strong><a href=\"tel:+386801200\">080 1200<\/a><\/strong>.<\/p>\n<p><b>Institucije so dol\u017ene sprejeti in obravnavati tudi anonimne prijave.<\/b><\/p>\n<p>Sum zaznave nasilja lahko poda vsaka posameznica ali posameznik, ki ima informacije o nasilju, ki se dogaja v njeni ali njegovi okolici.<\/p>\n<p>Zaposleni v vzgojno-izobra\u017eevalnih zavodih in v zdravstvu so dol\u017eni posredovati informacijo o nasilju pristojni instituciji.<\/p>\n<p>V kolikor bi potrebovali pomo\u010d pri podajanju prijave, nas pokli\u010dite na SOS telefon za \u017eenske in otroke \u2013 \u017ertve nasilja.<\/p>\n<\/div><\/div><\/div><\/div><\/div><div class=\"fusion-fullwidth fullwidth-box fusion-builder-row-3 fusion-flex-container has-pattern-background has-mask-background nonhundred-percent-fullwidth non-hundred-percent-height-scrolling\" style=\"--awb-border-radius-top-left:0px;--awb-border-radius-top-right:0px;--awb-border-radius-bottom-right:0px;--awb-border-radius-bottom-left:0px;--awb-padding-top:3vw;--awb-padding-bottom:5vw;--awb-flex-wrap:wrap;\" ><div class=\"fusion-builder-row fusion-row fusion-flex-align-items-center fusion-flex-content-wrap\" style=\"max-width:1365px;margin-left: calc(-5% \/ 2 );margin-right: calc(-5% \/ 2 );\"><div class=\"fusion-layout-column fusion_builder_column fusion-builder-column-2 fusion_builder_column_1_1 1_1 fusion-flex-column fusion-flex-align-self-stretch\" style=\"--awb-bg-size:cover;--awb-width-large:100%;--awb-margin-top-large:0px;--awb-spacing-right-large:2.375%;--awb-margin-bottom-large:20px;--awb-spacing-left-large:2.375%;--awb-width-medium:100%;--awb-order-medium:0;--awb-spacing-right-medium:2.375%;--awb-spacing-left-medium:2.375%;--awb-width-small:100%;--awb-order-small:0;--awb-spacing-right-small:2.375%;--awb-spacing-left-small:2.375%;\"><div class=\"fusion-column-wrapper fusion-column-has-shadow fusion-flex-justify-content-flex-start fusion-content-layout-column\"><div class=\"fusion-content-boxes content-boxes columns row fusion-columns-3 fusion-columns-total-3 fusion-content-boxes-1 content-boxes-icon-with-title content-left has-flex-alignment fusion-delayed-animation\" style=\"--awb-backgroundcolor:rgba(255,255,255,0);--awb-alignment:stretch;--awb-title-color:var(--awb-color8);--awb-iconcolor:var(--awb-color1);--awb-item-margin-top:20px;--awb-item-margin-bottom:30px;--awb-margin-top:0px;--awb-margin-bottom:0px;--awb-hover-accent-color:var(--awb-color7);--awb-circle-hover-accent-color:var(--awb-color7);\" data-animation-delay=\"500\" data-animationOffset=\"top-into-view\"><div style=\"--awb-backgroundcolor:rgba(255,255,255,0);--awb-iconcolor:var(--awb-color1);--awb-iconcolor-hover:var(--awb-color2);--awb-circlecolor-hover:var(--awb-color3);\" class=\"fusion-column content-box-column content-box-column content-box-column-1 col-lg-4 col-md-4 col-sm-4 fusion-content-box-hover content-box-column-first-in-row\"><div class=\"col content-box-wrapper content-wrapper link-area-link-icon link-type-button-bar icon-hover-animation-none fusion-animated\" data-animationType=\"fadeInLeft\" data-animationDuration=\"2.0\" data-animationOffset=\"top-into-view\"><div class=\"heading heading-with-icon icon-left\"><a class=\"heading-link\" style=\"float:left;\" href=\"https:\/\/www.csd-slovenije.si\/\" target=\"_self\" rel=\"noopener\"><div class=\"icon\" style=\"-webkit-animation-duration: 500ms;animation-duration: 500ms;\"><i style=\"border-color:var(--awb-color1);border-width:0px;background-color:var(--awb-color3);box-sizing:content-box;height:32px;width:32px;line-height:32px;border-radius:;font-size:16px;\" aria-hidden=\"true\" class=\"fontawesome-icon fa-info fas circle-yes\"><\/i><\/div><h3 class=\"content-box-heading fusion-responsive-typography-calculated\" style=\"--h3_typography-font-size:24px;--fontSize:24;line-height:var(--awb-typography1-line-height);\">Centri za socialno delo<\/h3><\/a><\/div><div class=\"fusion-clearfix\"><\/div><div class=\"content-container\">Pristojni za svetovanje in pomo\u010d pri urejanju postopkov, nudenje informacij glede ukrepov sodi\u0161\u010da po ZPND, vodenje in koordinacijo postopkov pomo\u010di ter izdelavo ocene va\u0161e ogro\u017eenosti, na podlagi katere boste upravi\u010deni do brezpla\u010dne pravne pomo\u010di.<\/div><div class=\"fusion-clearfix\"><\/div><a class=\" fusion-read-more fusion-button-bar\" style=\"float:left;\" href=\"https:\/\/www.csd-slovenije.si\/\" target=\"_self\" rel=\"noopener\">Centri za socialno delo Slovenije<\/a><div class=\"fusion-clearfix\"><\/div><\/div><\/div><div style=\"--awb-backgroundcolor:rgba(255,255,255,0);--awb-iconcolor:var(--awb-color1);--awb-iconcolor-hover:var(--awb-color2);--awb-circlecolor-hover:var(--awb-color3);\" class=\"fusion-column content-box-column content-box-column content-box-column-2 col-lg-4 col-md-4 col-sm-4 fusion-content-box-hover \"><div class=\"col content-box-wrapper content-wrapper link-area-link-icon link-type-button-bar icon-hover-animation-none fusion-animated\" data-animationType=\"fadeInLeft\" data-animationDuration=\"2.0\" data-animationOffset=\"top-into-view\"><div class=\"heading heading-with-icon icon-left\"><a class=\"heading-link\" style=\"float:left;\" href=\"https:\/\/www.policija.si\/svetujemo-ozavescamo\/oosebna-varnost\/nasilje-v-druzini\" target=\"_self\" rel=\"noopener\"><div class=\"icon\" style=\"-webkit-animation-duration: 500ms;animation-duration: 500ms;\"><i style=\"border-color:var(--awb-color1);border-width:0px;background-color:var(--awb-color3);box-sizing:content-box;height:32px;width:32px;line-height:32px;border-radius:;font-size:16px;\" aria-hidden=\"true\" class=\"fontawesome-icon fa-info fas circle-yes\"><\/i><\/div><h3 class=\"content-box-heading fusion-responsive-typography-calculated\" style=\"--h3_typography-font-size:24px;--fontSize:24;line-height:var(--awb-typography1-line-height);\">policija<\/h3><\/a><\/div><div class=\"fusion-clearfix\"><\/div><div class=\"content-container\">\n<p>Na spletni strani Policija.si najdete povezavo Nasilje v dru\u017eini, kjer najdete vse informacije o prijavi nasilja v dru\u017eini, policijski prepovedi pribli\u017eevanja, policijskem spremstvu \u017ertve nasilja v dru\u017eini, dejavnosti policije ob vlo\u017eeni prijavi ter kaj lahko kot \u017ertev naredite sami.<\/p>\n<\/div><div class=\"fusion-clearfix\"><\/div><a class=\" fusion-read-more fusion-button-bar\" style=\"float:left;\" href=\"https:\/\/www.policija.si\/svetujemo-ozavescamo\/oosebna-varnost\/nasilje-v-druzini\" target=\"_self\" rel=\"noopener\">Informacije o postopku na policiji<\/a><div class=\"fusion-clearfix\"><\/div><\/div><\/div><div style=\"--awb-backgroundcolor:rgba(255,255,255,0);--awb-iconcolor:var(--awb-color1);--awb-iconcolor-hover:var(--awb-color2);--awb-circlecolor-hover:var(--awb-color3);\" class=\"fusion-column content-box-column content-box-column content-box-column-3 col-lg-4 col-md-4 col-sm-4 fusion-content-box-hover content-box-column-last content-box-column-last-in-row\"><div class=\"col content-box-wrapper content-wrapper link-area-link-icon link-type-button-bar icon-hover-animation-none fusion-animated\" data-animationType=\"fadeInLeft\" data-animationDuration=\"2.0\" data-animationOffset=\"top-into-view\"><div class=\"heading heading-with-icon icon-left\"><a class=\"heading-link\" style=\"float:left;\" href=\"https:\/\/www.dt-rs.si\/kako-prijaviti-kaznivo-dejanje\" target=\"_self\" rel=\"noopener\"><div class=\"icon\" style=\"-webkit-animation-duration: 500ms;animation-duration: 500ms;\"><i style=\"border-color:var(--awb-color1);border-width:0px;background-color:var(--awb-color3);box-sizing:content-box;height:32px;width:32px;line-height:32px;border-radius:;font-size:16px;\" aria-hidden=\"true\" class=\"fontawesome-icon fa-info fas circle-yes\"><\/i><\/div><h3 class=\"content-box-heading fusion-responsive-typography-calculated\" style=\"--h3_typography-font-size:24px;--fontSize:24;line-height:var(--awb-typography1-line-height);\">to\u017eilstvo<\/h3><\/a><\/div><div class=\"fusion-clearfix\"><\/div><div class=\"content-container\">Kaznivo dejanje lahko naznani vsakdo, najpogosteje pa ga odkrije policija oziroma ga prijavi o\u0161kodovanec.<br \/>\n<span style=\"color: var(--awb-body-color); text-align: var(--awb-content-text-align); background-color: var(--awb-bg-color); font-family: var(--body_typography-font-family); font-size: var(--body_typography-font-size); font-style: var(--body_typography-font-style,normal); font-weight: var(--body_typography-font-weight); letter-spacing: var(--body_typography-letter-spacing);\">Kazensko ovadbo se skupaj z dokazi vlo\u017ei na dr\u017eavno to\u017eilstvo ali policijo. Ta razi\u0161\u010de okoli\u0161\u010dine dejanja, pri tem pa jo po potrebi usmerja dr\u017eavni to\u017eilec<\/span><\/div><div class=\"fusion-clearfix\"><\/div><a class=\" fusion-read-more fusion-button-bar\" style=\"float:left;\" href=\"https:\/\/www.dt-rs.si\/kako-prijaviti-kaznivo-dejanje\" target=\"_self\" rel=\"noopener\">Prijava na to\u017eilstvo<\/a><div class=\"fusion-clearfix\"><\/div><\/div><\/div><div class=\"fusion-clearfix\"><\/div><\/div><\/div><\/div><\/div><\/div><div class=\"fusion-fullwidth fullwidth-box fusion-builder-row-4 fusion-flex-container has-pattern-background has-mask-background hundred-percent-fullwidth non-hundred-percent-height-scrolling\" style=\"--awb-border-radius-top-left:0px;--awb-border-radius-top-right:0px;--awb-border-radius-bottom-right:0px;--awb-border-radius-bottom-left:0px;--awb-padding-right:3vw;--awb-padding-left:3vw;--awb-margin-top:-50px;--awb-flex-wrap:wrap;\" ><div class=\"fusion-builder-row fusion-row fusion-flex-align-items-flex-start fusion-flex-content-wrap\" style=\"width:105% !important;max-width:105% !important;margin-left: calc(-5% \/ 2 );margin-right: calc(-5% \/ 2 );\"><div class=\"fusion-layout-column fusion_builder_column fusion-builder-column-3 fusion_builder_column_1_1 1_1 fusion-flex-column\" style=\"--awb-bg-size:cover;--awb-width-large:100%;--awb-margin-top-large:0px;--awb-spacing-right-large:2.375%;--awb-margin-bottom-large:20px;--awb-spacing-left-large:2.375%;--awb-width-medium:100%;--awb-order-medium:0;--awb-spacing-right-medium:2.375%;--awb-spacing-left-medium:2.375%;--awb-width-small:100%;--awb-order-small:0;--awb-spacing-right-small:2.375%;--awb-spacing-left-small:2.375%;\"><div class=\"fusion-column-wrapper fusion-column-has-shadow fusion-flex-justify-content-flex-start fusion-content-layout-column\"><div class=\"fusion-title title fusion-title-2 fusion-sep-none fusion-title-marquee fusion-animate-once fusion-title-size-six\" style=\"--awb-text-color:var(--awb-color4);--awb-margin-top-small:10px;--awb-margin-right-small:0px;--awb-margin-bottom-small:10px;--awb-margin-left-small:0px;--awb-marquee-speed:20000ms;--awb-marquee-translate-x:-100%;--awb-font-size:40px;\"><h6 class=\"fusion-title-heading title-heading-left awb-marquee-left\" style=\"margin:0;font-size:1em;\"><span class=\"awb-marquee-content\">Ste pri\u010da nasilju? Ne obrnite se stran. Povejte. Va\u0161a podpora \u0161teje.\u00a0 Pokli\u010dite 080 11 55.<\/span><span class=\"awb-marquee-content\">Ste pri\u010da nasilju? Ne obrnite se stran. Povejte. Va\u0161a podpora \u0161teje.\u00a0 Pokli\u010dite 080 11 55.<\/span><\/h6><\/div><\/div><\/div><\/div><\/div><\/p>\n","protected":false},"excerpt":{"rendered":"","protected":false},"author":44,"featured_media":2840,"parent":0,"menu_order":0,"comment_status":"closed","ping_status":"closed","template":"100-width.php","meta":{"footnotes":""},"class_list":["post-2559","page","type-page","status-publish","has-post-thumbnail","hentry"],"_links":{"self":[{"href":"https:\/\/drustvo-sos.si\/sl_si\/wp-json\/wp\/v2\/pages\/2559","targetHints":{"allow":["GET"]}}],"collection":[{"href":"https:\/\/drustvo-sos.si\/sl_si\/wp-json\/wp\/v2\/pages"}],"about":[{"href":"https:\/\/drustvo-sos.si\/sl_si\/wp-json\/wp\/v2\/types\/page"}],"author":[{"embeddable":true,"href":"https:\/\/drustvo-sos.si\/sl_si\/wp-json\/wp\/v2\/users\/44"}],"replies":[{"embeddable":true,"href":"https:\/\/drustvo-sos.si\/sl_si\/wp-json\/wp\/v2\/comments?post=2559"}],"version-history":[{"count":0,"href":"https:\/\/drustvo-sos.si\/sl_si\/wp-json\/wp\/v2\/pages\/2559\/revisions"}],"wp:featuredmedia":[{"embeddable":true,"href":"https:\/\/drustvo-sos.si\/sl_si\/wp-json\/wp\/v2\/media\/2840"}],"wp:attachment":[{"href":"https:\/\/drustvo-sos.si\/sl_si\/wp-json\/wp\/v2\/media?parent=2559"}],"curies":[{"name":"wp","href":"https:\/\/api.w.org\/{rel}","templated":true}]}}