{"id":4107,"date":"2024-05-23T11:24:53","date_gmt":"2024-05-23T09:24:53","guid":{"rendered":"https:\/\/drustvo-sos.si\/?page_id=4107"},"modified":"2024-05-23T14:31:17","modified_gmt":"2024-05-23T12:31:17","slug":"brezglasnost-zensk","status":"publish","type":"page","link":"https:\/\/drustvo-sos.si\/en\/brezglasnost-zensk\/","title":{"rendered":"(BREZ)GLASNOST \u017dENSK"},"content":{"rendered":"<div class=\"fusion-fullwidth fullwidth-box fusion-builder-row-1 fusion-flex-container nonhundred-percent-fullwidth non-hundred-percent-height-scrolling\" style=\"--awb-background-position:left top;--awb-border-radius-top-left:0px;--awb-border-radius-top-right:0px;--awb-border-radius-bottom-right:0px;--awb-border-radius-bottom-left:0px;--awb-padding-top:2vw;--awb-padding-bottom:3vw;--awb-background-color:#ffffff;--awb-background-size:contain;--awb-flex-wrap:wrap;\" ><div class=\"fusion-builder-row fusion-row fusion-flex-align-items-stretch fusion-flex-content-wrap\" style=\"max-width:1365px;margin-left: calc(-5% \/ 2 );margin-right: calc(-5% \/ 2 );\"><div class=\"fusion-layout-column fusion_builder_column fusion-builder-column-0 fusion_builder_column_1_1 1_1 fusion-flex-column\" style=\"--awb-bg-position:right center;--awb-bg-size:40%;--awb-width-large:100%;--awb-margin-top-large:0px;--awb-spacing-right-large:2.375%;--awb-margin-bottom-large:20px;--awb-spacing-left-large:2.375%;--awb-width-medium:100%;--awb-order-medium:0;--awb-spacing-right-medium:2.375%;--awb-spacing-left-medium:2.375%;--awb-width-small:100%;--awb-order-small:0;--awb-spacing-right-small:2.375%;--awb-spacing-left-small:2.375%;\"><div class=\"fusion-column-wrapper fusion-column-has-shadow fusion-flex-justify-content-flex-start fusion-content-layout-column\"><div class=\"fusion-text fusion-text-1 fusion-text-no-margin\" style=\"--awb-font-size:16px;--awb-line-height:var(--awb-typography2-line-height);--awb-letter-spacing:var(--awb-typography2-letter-spacing);--awb-text-transform:uppercase;--awb-text-color:var(--awb-color5);--awb-margin-bottom:6px;\"><p>Projekt\u00a0s podro\u010dja enakosti \u017eensk in mo\u0161kih za leto 2024<\/p>\n<\/div><div class=\"fusion-separator\" style=\"align-self: flex-start;margin-right:auto;flex-grow:2;margin-top:10px;width:100%;max-width:325px;\"><div class=\"fusion-separator-border sep-single sep-solid\" style=\"--awb-height:20px;--awb-amount:20px;--awb-sep-color:var(--awb-color6);border-color:var(--awb-color6);border-top-width:1px;\"><\/div><\/div><div class=\"fusion-text fusion-text-2 fusion-text-no-margin\" style=\"--awb-font-size:16px;--awb-line-height:1.6;--awb-letter-spacing:var(--awb-typography4-letter-spacing);--awb-text-transform:var(--awb-typography4-text-transform);--awb-text-color:var(--awb-color7);--awb-margin-top:20px;--awb-margin-bottom:10px;\"><p><img decoding=\"async\" class=\"lazyload  wp-image-4110 alignleft\" src=\"https:\/\/drustvo-sos.si\/wp-content\/uploads\/2024\/05\/Izjava-1-300x169.png\" data-orig-src=\"https:\/\/drustvo-sos.si\/wp-content\/uploads\/2024\/05\/Izjava-1-300x169.png\" alt=\"\" width=\"375\" height=\"211\" srcset=\"data:image\/svg+xml,%3Csvg%20xmlns%3D%27http%3A%2F%2Fwww.w3.org%2F2000%2Fsvg%27%20width%3D%27375%27%20height%3D%27211%27%20viewBox%3D%270%200%20375%20211%27%3E%3Crect%20width%3D%27375%27%20height%3D%27211%27%20fill-opacity%3D%220%22%2F%3E%3C%2Fsvg%3E\" data-srcset=\"https:\/\/drustvo-sos.si\/wp-content\/uploads\/2024\/05\/Izjava-1-200x113.png 200w, https:\/\/drustvo-sos.si\/wp-content\/uploads\/2024\/05\/Izjava-1-300x169.png 300w, https:\/\/drustvo-sos.si\/wp-content\/uploads\/2024\/05\/Izjava-1-400x225.png 400w, https:\/\/drustvo-sos.si\/wp-content\/uploads\/2024\/05\/Izjava-1-600x338.png 600w, https:\/\/drustvo-sos.si\/wp-content\/uploads\/2024\/05\/Izjava-1-768x432.png 768w, https:\/\/drustvo-sos.si\/wp-content\/uploads\/2024\/05\/Izjava-1-800x450.png 800w, https:\/\/drustvo-sos.si\/wp-content\/uploads\/2024\/05\/Izjava-1-1024x576.png 1024w, https:\/\/drustvo-sos.si\/wp-content\/uploads\/2024\/05\/Izjava-1-1200x675.png 1200w, https:\/\/drustvo-sos.si\/wp-content\/uploads\/2024\/05\/Izjava-1-1536x864.png 1536w, https:\/\/drustvo-sos.si\/wp-content\/uploads\/2024\/05\/Izjava-1.png 1920w\" data-sizes=\"auto\" data-orig-sizes=\"(max-width: 375px) 100vw, 375px\" \/>Neenakost med \u017eenskami in mo\u0161kimi se ne odra\u017ea le v obliki trdovratne segregacije trga dela po spolu, pla\u010dne in pokojninske vrzeli med spoloma, neenaki porazdelitvi skrbstvenih in gospodinjskih obveznosti in neuravnote\u017eeni zastopanosti obeh spolov na razli\u010dnih podro\u010djih, pa\u010d <strong>pa tudi v raz\u0161irjenosti razli\u010dnih oblik nasilja nad \u017eenskami in dekleti oz. nasilja na podlagi spola.<\/strong><\/p>\n<p>Nasilje prepre\u010duje polno sodelovanje \u017eensk v gospodarskem, dru\u017ebenem, politi\u010dnem in kulturnem \u017eivljenju, zato predstavlja enega klju\u010dnih problemov in temeljnih vzrokov neenakosti med spoloma ter tveganje za socialno izklju\u010denost in zdrs v rev\u0161\u010dino. <strong>Zato je opozarjanje, ozave\u0161\u010danje in odpravljanje vseh praks, ki pove\u010dujejo neenakosti med spoloma &#8211; reproduktivno delo, ki krepi trdovratne spolne vloge, seksizem, spolni stereotipi\u2026,<\/strong> pomemben del na\u0161ih prizadevanj za zmanj\u0161evanje pojavnosti nasilja nad \u017eenskami in dekleti kot eno izmed najbolj raz\u0161irjenih kr\u0161itev \u010dlovekovih pravic in oblika diskriminacije na podlagi spola.<\/p>\n<p>V ta namen v letu 2024 pri\u010denjamo s <strong>komunikacijsko kampanjo, <\/strong>ki vklju\u010duje <strong>delavnice, objave na dru\u017ebenih omre\u017ejih, tiskovine in pogovorne ve\u010dere<\/strong>, s katerimi bomo pritegnile pozornost, spodbudile k razmi\u0161ljanju in vplivale na spremembe stali\u0161\u010d in dru\u017ebenih vzorcev vedenja obeh spolov. Kampanja v celoti temelji in \u010drpa iz zgodb \u017eensk, \u017ertev nasilja.<\/p>\n<blockquote>\n<p><strong>Slogani, kreative, citati kampanje so izpeljani iz pri\u010devanj zapisanih v knjigi V njeni ko\u017ei, ki preko razli\u010dnih medijev in kanalov naslavljajo globoko zakoreninjene vedenjske vzorce in neenakosti v dru\u017ebi ter predsodke in stereotipne vloge mo\u0161kih in \u017eensk, ki temeljijo na ideji podrejenosti spolov ter \u00bbtradicionalni\u00ab vlogi \u017eensk.<\/strong><\/p>\n<\/blockquote>\n<\/div><div class=\"fusion-separator\" style=\"align-self: flex-start;margin-right:auto;flex-grow:2;margin-top:10px;width:100%;max-width:325px;\"><div class=\"fusion-separator-border sep-single sep-solid\" style=\"--awb-height:20px;--awb-amount:20px;--awb-sep-color:var(--awb-color6);border-color:var(--awb-color6);border-top-width:1px;\"><\/div><\/div><div class=\"fusion-separator\" style=\"align-self: flex-start;margin-right:auto;flex-grow:3;margin-top:10px;width:100%;max-width:325px;\"><div class=\"fusion-separator-border sep-single sep-solid\" style=\"--awb-height:20px;--awb-amount:20px;--awb-sep-color:var(--awb-color6);border-color:var(--awb-color6);border-top-width:1px;\"><\/div><\/div><div class=\"awb-gallery-wrapper awb-gallery-wrapper-1 button-span-no\" style=\"--more-btn-alignment:center;\" data-limit=\"3\" data-page=\"1\"><div style=\"margin:-5px;--awb-bordersize:0px;\" class=\"fusion-gallery fusion-gallery-container fusion-grid-3 fusion-columns-total-3 fusion-gallery-layout-grid fusion-gallery-1\"><div style=\"padding:5px;\" class=\"fusion-grid-column fusion-gallery-column fusion-gallery-column-3 hover-type-none\"><div class=\"fusion-gallery-image\"><a href=\"https:\/\/drustvo-sos.si\/wp-content\/uploads\/2024\/05\/Messenger_creation_0cdd5545-0f1e-4f6b-8a83-250f676891a1.jpeg\" rel=\"noreferrer\" data-rel=\"iLightbox[gallery_image_1]\" class=\"fusion-lightbox\" target=\"_self\"><img decoding=\"async\" src=\"https:\/\/drustvo-sos.si\/wp-content\/uploads\/2024\/05\/Messenger_creation_0cdd5545-0f1e-4f6b-8a83-250f676891a1.jpeg\" data-orig-src=\"https:\/\/drustvo-sos.si\/wp-content\/uploads\/2024\/05\/Messenger_creation_0cdd5545-0f1e-4f6b-8a83-250f676891a1.jpeg\" width=\"1600\" height=\"1200\" alt=\"\" title=\"\" aria-label=\"\" class=\"lazyload img-responsive wp-image-4126\" srcset=\"data:image\/svg+xml,%3Csvg%20xmlns%3D%27http%3A%2F%2Fwww.w3.org%2F2000%2Fsvg%27%20width%3D%271600%27%20height%3D%271200%27%20viewBox%3D%270%200%201600%201200%27%3E%3Crect%20width%3D%271600%27%20height%3D%271200%27%20fill-opacity%3D%220%22%2F%3E%3C%2Fsvg%3E\" data-srcset=\"https:\/\/drustvo-sos.si\/wp-content\/uploads\/2024\/05\/Messenger_creation_0cdd5545-0f1e-4f6b-8a83-250f676891a1-200x150.jpeg 200w, https:\/\/drustvo-sos.si\/wp-content\/uploads\/2024\/05\/Messenger_creation_0cdd5545-0f1e-4f6b-8a83-250f676891a1-400x300.jpeg 400w, https:\/\/drustvo-sos.si\/wp-content\/uploads\/2024\/05\/Messenger_creation_0cdd5545-0f1e-4f6b-8a83-250f676891a1-600x450.jpeg 600w, https:\/\/drustvo-sos.si\/wp-content\/uploads\/2024\/05\/Messenger_creation_0cdd5545-0f1e-4f6b-8a83-250f676891a1-800x600.jpeg 800w, https:\/\/drustvo-sos.si\/wp-content\/uploads\/2024\/05\/Messenger_creation_0cdd5545-0f1e-4f6b-8a83-250f676891a1-1200x900.jpeg 1200w, https:\/\/drustvo-sos.si\/wp-content\/uploads\/2024\/05\/Messenger_creation_0cdd5545-0f1e-4f6b-8a83-250f676891a1.jpeg 1600w\" data-sizes=\"auto\" data-orig-sizes=\"(min-width: 2200px) 100vw, (min-width: 784px) 430px, (min-width: 712px) 645px, (min-width: 640px) 712px, \" \/><\/a><\/div><\/div><div style=\"padding:5px;\" class=\"fusion-grid-column fusion-gallery-column fusion-gallery-column-3 hover-type-none\"><div class=\"fusion-gallery-image\"><a href=\"https:\/\/drustvo-sos.si\/wp-content\/uploads\/2024\/05\/IMG_20240514_180118-scaled.jpg\" rel=\"noreferrer\" data-rel=\"iLightbox[gallery_image_1]\" class=\"fusion-lightbox\" target=\"_self\"><img decoding=\"async\" src=\"https:\/\/drustvo-sos.si\/wp-content\/uploads\/2024\/05\/IMG_20240514_180118-scaled.jpg\" data-orig-src=\"https:\/\/drustvo-sos.si\/wp-content\/uploads\/2024\/05\/IMG_20240514_180118-scaled.jpg\" width=\"1600\" height=\"1200\" alt=\"\" title=\"\" aria-label=\"\" class=\"lazyload img-responsive wp-image-4128\" srcset=\"data:image\/svg+xml,%3Csvg%20xmlns%3D%27http%3A%2F%2Fwww.w3.org%2F2000%2Fsvg%27%20width%3D%271600%27%20height%3D%271200%27%20viewBox%3D%270%200%201600%201200%27%3E%3Crect%20width%3D%271600%27%20height%3D%271200%27%20fill-opacity%3D%220%22%2F%3E%3C%2Fsvg%3E\" data-srcset=\"https:\/\/drustvo-sos.si\/wp-content\/uploads\/2024\/05\/IMG_20240514_180118-200x150.jpg 200w, https:\/\/drustvo-sos.si\/wp-content\/uploads\/2024\/05\/IMG_20240514_180118-400x300.jpg 400w, https:\/\/drustvo-sos.si\/wp-content\/uploads\/2024\/05\/IMG_20240514_180118-600x450.jpg 600w, https:\/\/drustvo-sos.si\/wp-content\/uploads\/2024\/05\/IMG_20240514_180118-800x600.jpg 800w, https:\/\/drustvo-sos.si\/wp-content\/uploads\/2024\/05\/IMG_20240514_180118-1200x900.jpg 1200w, https:\/\/drustvo-sos.si\/wp-content\/uploads\/2024\/05\/IMG_20240514_180118-scaled.jpg 1600w\" data-sizes=\"auto\" data-orig-sizes=\"(min-width: 2200px) 100vw, (min-width: 784px) 430px, (min-width: 712px) 645px, (min-width: 640px) 712px, \" \/><\/a><\/div><\/div><div style=\"padding:5px;\" class=\"fusion-grid-column fusion-gallery-column fusion-gallery-column-3 hover-type-none\"><div class=\"fusion-gallery-image\"><a href=\"https:\/\/drustvo-sos.si\/wp-content\/uploads\/2024\/05\/IMG-91211edc9d707333c53bc88fd435af26-V.jpg\" rel=\"noreferrer\" data-rel=\"iLightbox[gallery_image_1]\" class=\"fusion-lightbox\" target=\"_self\"><img decoding=\"async\" src=\"https:\/\/drustvo-sos.si\/wp-content\/uploads\/2024\/05\/IMG-91211edc9d707333c53bc88fd435af26-V.jpg\" data-orig-src=\"https:\/\/drustvo-sos.si\/wp-content\/uploads\/2024\/05\/IMG-91211edc9d707333c53bc88fd435af26-V.jpg\" width=\"1600\" height=\"1200\" alt=\"\" title=\"\" aria-label=\"\" class=\"lazyload img-responsive wp-image-4124\" srcset=\"data:image\/svg+xml,%3Csvg%20xmlns%3D%27http%3A%2F%2Fwww.w3.org%2F2000%2Fsvg%27%20width%3D%271600%27%20height%3D%271200%27%20viewBox%3D%270%200%201600%201200%27%3E%3Crect%20width%3D%271600%27%20height%3D%271200%27%20fill-opacity%3D%220%22%2F%3E%3C%2Fsvg%3E\" data-srcset=\"https:\/\/drustvo-sos.si\/wp-content\/uploads\/2024\/05\/IMG-91211edc9d707333c53bc88fd435af26-V-200x150.jpg 200w, https:\/\/drustvo-sos.si\/wp-content\/uploads\/2024\/05\/IMG-91211edc9d707333c53bc88fd435af26-V-400x300.jpg 400w, https:\/\/drustvo-sos.si\/wp-content\/uploads\/2024\/05\/IMG-91211edc9d707333c53bc88fd435af26-V-600x450.jpg 600w, https:\/\/drustvo-sos.si\/wp-content\/uploads\/2024\/05\/IMG-91211edc9d707333c53bc88fd435af26-V-800x600.jpg 800w, https:\/\/drustvo-sos.si\/wp-content\/uploads\/2024\/05\/IMG-91211edc9d707333c53bc88fd435af26-V-1200x900.jpg 1200w, https:\/\/drustvo-sos.si\/wp-content\/uploads\/2024\/05\/IMG-91211edc9d707333c53bc88fd435af26-V.jpg 1600w\" data-sizes=\"auto\" data-orig-sizes=\"(min-width: 2200px) 100vw, (min-width: 784px) 430px, (min-width: 712px) 645px, (min-width: 640px) 712px, \" \/><\/a><\/div><\/div><div class=\"clearfix\"><\/div><\/div><\/div><div class=\"fusion-separator\" style=\"align-self: flex-start;margin-right:auto;flex-grow:3;margin-top:20px;width:100%;max-width:325px;\"><div class=\"fusion-separator-border sep-single sep-solid\" style=\"--awb-height:20px;--awb-amount:20px;--awb-sep-color:var(--awb-color6);border-color:var(--awb-color6);border-top-width:1px;\"><\/div><\/div><div class=\"fusion-separator\" style=\"align-self: flex-start;margin-right:auto;flex-grow:3;margin-top:20px;width:100%;max-width:325px;\"><div class=\"fusion-separator-border sep-single sep-solid\" style=\"--awb-height:20px;--awb-amount:20px;--awb-sep-color:var(--awb-color6);border-color:var(--awb-color6);border-top-width:1px;\"><\/div><\/div><div class=\"fusion-builder-row fusion-builder-row-inner fusion-row fusion-flex-align-items-stretch fusion-flex-content-wrap\" style=\"--awb-flex-grow:0;--awb-flex-grow-medium:0;--awb-flex-grow-small:0;--awb-flex-shrink:0;--awb-flex-shrink-medium:0;--awb-flex-shrink-small:0;width:105% !important;max-width:105% !important;margin-left: calc(-5% \/ 2 );margin-right: calc(-5% \/ 2 );\"><div class=\"fusion-layout-column fusion_builder_column_inner fusion-builder-nested-column-0 fusion_builder_column_inner_1_1 1_1 fusion-flex-column fusion-flex-align-self-center\" style=\"--awb-bg-color:#ffffff;--awb-bg-color-hover:#ffffff;--awb-bg-size:cover;--awb-width-large:100%;--awb-margin-top-large:0px;--awb-spacing-right-large:2.375%;--awb-margin-bottom-large:20px;--awb-spacing-left-large:2.375%;--awb-width-medium:100%;--awb-order-medium:0;--awb-spacing-right-medium:2.375%;--awb-spacing-left-medium:2.375%;--awb-width-small:100%;--awb-order-small:0;--awb-spacing-right-small:2.375%;--awb-spacing-left-small:2.375%;\" data-scroll-devices=\"small-visibility,medium-visibility,large-visibility\"><div class=\"fusion-column-wrapper fusion-column-has-shadow fusion-flex-justify-content-space-evenly fusion-content-layout-column\"><div class=\"fusion-text fusion-text-3\"><h3 style=\"text-align: center;\"><strong>Projekt podpira<\/strong><\/h3>\n<p style=\"text-align: center;\"><a href=\"https:\/\/www.gov.si\/drzavni-organi\/ministrstva\/ministrstvo-za-delo-druzino-socialne-zadeve-in-enake-moznosti\/\" rel=\"noopener\"><strong>Ministrstvo za delo, dru\u017eino, socialne zadeve in enake mo\u017enosti<\/strong><\/a><\/p>\n<p style=\"text-align: center;\"><img decoding=\"async\" class=\"lazyload alignnone size-full wp-image-3608 aligncenter\" src=\"https:\/\/drustvo-sos.si\/wp-content\/uploads\/2024\/02\/drustvo-sos-podpirajo-nas-ministrstvo.jpg\" data-orig-src=\"https:\/\/drustvo-sos.si\/wp-content\/uploads\/2024\/02\/drustvo-sos-podpirajo-nas-ministrstvo.jpg\" alt=\"DRU\u0160TVO SOS TELEFON ZA \u017dENSKE IN OTROKE \u2013 \u017dRTVE NASILJA Ministrstvo za delo, dru\u017eino, socialne zadeve in enake mo\u017enosti\" width=\"250\" height=\"50\" srcset=\"data:image\/svg+xml,%3Csvg%20xmlns%3D%27http%3A%2F%2Fwww.w3.org%2F2000%2Fsvg%27%20width%3D%27250%27%20height%3D%2750%27%20viewBox%3D%270%200%20250%2050%27%3E%3Crect%20width%3D%27250%27%20height%3D%2750%27%20fill-opacity%3D%220%22%2F%3E%3C%2Fsvg%3E\" data-srcset=\"https:\/\/drustvo-sos.si\/wp-content\/uploads\/2024\/02\/drustvo-sos-podpirajo-nas-ministrstvo-200x40.jpg 200w, https:\/\/drustvo-sos.si\/wp-content\/uploads\/2024\/02\/drustvo-sos-podpirajo-nas-ministrstvo.jpg 250w\" data-sizes=\"auto\" data-orig-sizes=\"(max-width: 250px) 100vw, 250px\" \/><\/p>\n<\/div><\/div><\/div><\/div><\/div><\/div><\/div><\/div>\n","protected":false},"excerpt":{"rendered":"","protected":false},"author":49,"featured_media":4177,"parent":0,"menu_order":0,"comment_status":"closed","ping_status":"closed","template":"100-width.php","meta":{"footnotes":""},"class_list":["post-4107","page","type-page","status-publish","has-post-thumbnail","hentry"],"_links":{"self":[{"href":"https:\/\/drustvo-sos.si\/en\/wp-json\/wp\/v2\/pages\/4107","targetHints":{"allow":["GET"]}}],"collection":[{"href":"https:\/\/drustvo-sos.si\/en\/wp-json\/wp\/v2\/pages"}],"about":[{"href":"https:\/\/drustvo-sos.si\/en\/wp-json\/wp\/v2\/types\/page"}],"author":[{"embeddable":true,"href":"https:\/\/drustvo-sos.si\/en\/wp-json\/wp\/v2\/users\/49"}],"replies":[{"embeddable":true,"href":"https:\/\/drustvo-sos.si\/en\/wp-json\/wp\/v2\/comments?post=4107"}],"version-history":[{"count":51,"href":"https:\/\/drustvo-sos.si\/en\/wp-json\/wp\/v2\/pages\/4107\/revisions"}],"predecessor-version":[{"id":4176,"href":"https:\/\/drustvo-sos.si\/en\/wp-json\/wp\/v2\/pages\/4107\/revisions\/4176"}],"wp:featuredmedia":[{"embeddable":true,"href":"https:\/\/drustvo-sos.si\/en\/wp-json\/wp\/v2\/media\/4177"}],"wp:attachment":[{"href":"https:\/\/drustvo-sos.si\/en\/wp-json\/wp\/v2\/media?parent=4107"}],"curies":[{"name":"wp","href":"https:\/\/api.w.org\/{rel}","templated":true}]}}