{"id":3289,"date":"2024-02-15T13:45:34","date_gmt":"2024-02-15T12:45:34","guid":{"rendered":"https:\/\/drustvo-sos.si?page_id=3289"},"modified":"2026-02-19T10:44:27","modified_gmt":"2026-02-19T09:44:27","slug":"v-njeni-kozi","status":"publish","type":"page","link":"https:\/\/drustvo-sos.si\/en\/v-njeni-kozi\/","title":{"rendered":"In her skin"},"content":{"rendered":"<p><div class=\"fusion-fullwidth fullwidth-box fusion-builder-row-1 fusion-flex-container nonhundred-percent-fullwidth non-hundred-percent-height-scrolling\" style=\"--awb-background-position:left top;--awb-border-radius-top-left:0px;--awb-border-radius-top-right:0px;--awb-border-radius-bottom-right:0px;--awb-border-radius-bottom-left:0px;--awb-padding-top:2vw;--awb-padding-bottom:0px;--awb-background-color:#ffffff;--awb-background-size:contain;--awb-flex-wrap:wrap;\" ><div class=\"fusion-builder-row fusion-row fusion-flex-align-items-stretch fusion-flex-content-wrap\" style=\"max-width:1365px;margin-left: calc(-5% \/ 2 );margin-right: calc(-5% \/ 2 );\"><div class=\"fusion-layout-column fusion_builder_column fusion-builder-column-0 fusion_builder_column_1_1 1_1 fusion-flex-column\" style=\"--awb-bg-position:right center;--awb-bg-size:40%;--awb-width-large:100%;--awb-margin-top-large:0px;--awb-spacing-right-large:2.375%;--awb-margin-bottom-large:20px;--awb-spacing-left-large:2.375%;--awb-width-medium:100%;--awb-order-medium:0;--awb-spacing-right-medium:2.375%;--awb-spacing-left-medium:2.375%;--awb-width-small:100%;--awb-order-small:0;--awb-spacing-right-small:2.375%;--awb-spacing-left-small:2.375%;\"><div class=\"fusion-column-wrapper fusion-column-has-shadow fusion-flex-justify-content-flex-start fusion-content-layout-column\"><div class=\"fusion-text fusion-text-1 fusion-text-no-margin\" style=\"--awb-font-size:16px;--awb-line-height:var(--awb-typography2-line-height);--awb-letter-spacing:var(--awb-typography2-letter-spacing);--awb-text-transform:uppercase;--awb-text-color:var(--awb-color5);--awb-margin-bottom:6px;\"><p><b>Zvo\u010dna knjiga <i>&#8220;V njeni ko\u017ei&#8221;<\/i><\/b><\/p>\n<\/div><div class=\"fusion-separator\" style=\"align-self: flex-start;margin-right:auto;width:100%;max-width:40%;\"><div class=\"fusion-separator-border sep-single sep-solid\" style=\"--awb-height:20px;--awb-amount:20px;--awb-sep-color:var(--awb-color6);border-color:var(--awb-color6);border-top-width:1px;\"><\/div><\/div><div class=\"fusion-text fusion-text-2 fusion-text-no-margin\" style=\"--awb-font-size:16px;--awb-line-height:1.6;--awb-letter-spacing:var(--awb-typography4-letter-spacing);--awb-text-transform:var(--awb-typography4-text-transform);--awb-text-color:var(--awb-color7);--awb-margin-top:20px;--awb-margin-bottom:10px;\"><p>Zvo\u010dna knjiga <i>In her skin<\/i> prina\u0161a resni\u010dne zgodbe \u017eensk o izku\u0161njah nasilja \u2013 povedane z glasovi, ki jim dajejo prostor, te\u017eo in dostojanstvo. Nastala je na podlagi istoimenske knjige Dru\u0161tva SOS telefon in je namenjena vsem, ki \u017eelijo prisluhniti, razumeti in podpreti.<\/p>\n<p>Zvo\u010dna oblika omogo\u010da ve\u010djo dostopnost vsebin tudi osebam, ki te\u017eje berejo, ter odpira varen prostor za razmislek, so\u010dutje in opolnomo\u010denje. Zgodbe interpretira ve\u010d naratork, kar poudari raznolikost izku\u0161enj in glasov \u017eensk.<\/p>\n<p><b>Zvo\u010dna knjiga je v celoti dostopna na platformah Spotify, Audibook in Youtube.<\/b><\/p><\/p>\n<\/div><\/div><\/div><div class=\"fusion-layout-column fusion_builder_column fusion-builder-column-1 fusion_builder_column_1_3 1_3 fusion-flex-column\" style=\"--awb-bg-position:right center;--awb-bg-size:40%;--awb-width-large:33.333333333333%;--awb-margin-top-large:0px;--awb-spacing-right-large:7.125%;--awb-margin-bottom-large:20px;--awb-spacing-left-large:7.125%;--awb-width-medium:100%;--awb-order-medium:0;--awb-spacing-right-medium:2.375%;--awb-spacing-left-medium:2.375%;--awb-width-small:100%;--awb-order-small:0;--awb-spacing-right-small:2.375%;--awb-spacing-left-small:2.375%;\"><div class=\"fusion-column-wrapper fusion-column-has-shadow fusion-flex-justify-content-flex-start fusion-content-layout-column\"><div class=\"fusion-text fusion-text-3\"><p><b><span style=\"font-size: 16px; line-height: 22.4px;\" data-fusion-font=\"true\">Teoreti\u010dni uvodi<\/span><br \/>\n<\/b><\/p>\n<p><span style=\"background-color: rgba(0, 0, 0, 0); font-size: 16px; line-height: 22.4px;\" data-fusion-font=\"true\">Teoreti\u010dne uvode, ki osvetljujejo \u0161ir\u0161i dru\u017ebeni in sistemski kontekst nasilja nad \u017eenskami ter pomen podpore in strokovne pomo\u010di, bereta:<\/span><\/p>\n<ul style=\"font-weight: 400;\">\n<li><span style=\"font-size: 16px; line-height: 22.4px;\" data-fusion-font=\"true\">Maja Plaz<\/span><\/li>\n<li><span style=\"font-size: 16px; line-height: 22.4px;\" data-fusion-font=\"true\">Dr. Jasna Podreka<\/span><\/li>\n<\/ul>\n<\/div><\/div><\/div><div class=\"fusion-layout-column fusion_builder_column fusion-builder-column-2 fusion_builder_column_1_3 1_3 fusion-flex-column\" style=\"--awb-bg-position:right center;--awb-bg-size:40%;--awb-width-large:33.333333333333%;--awb-margin-top-large:0px;--awb-spacing-right-large:7.125%;--awb-margin-bottom-large:20px;--awb-spacing-left-large:7.125%;--awb-width-medium:100%;--awb-order-medium:0;--awb-spacing-right-medium:2.375%;--awb-spacing-left-medium:2.375%;--awb-width-small:100%;--awb-order-small:0;--awb-spacing-right-small:2.375%;--awb-spacing-left-small:2.375%;\"><div class=\"fusion-column-wrapper fusion-column-has-shadow fusion-flex-justify-content-flex-start fusion-content-layout-column\"><div class=\"fusion-text fusion-text-4\"><p><span style=\"background-color: rgba(0, 0, 0, 0);\"><span style=\"font-size: 14px; line-height: 22.4px;\" data-fusion-font=\"true\"><b><span style=\"font-size: 16px;\" data-fusion-font=\"true\">Glasovi zgodb<\/span><br \/>\n<\/b><\/span><\/span><\/p>\n<p><span style=\"background-color: rgba(0, 0, 0, 0); font-size: 16px;\" data-fusion-font=\"true\">Zgodbe berejo:<\/span><\/p>\n<ul style=\"font-weight: 400;\">\n<li><span style=\"font-size: 16px; line-height: 22.4px;\" data-fusion-font=\"true\">Helena Berden<\/span><\/li>\n<li><span style=\"font-size: 16px; line-height: 22.4px;\" data-fusion-font=\"true\">Mira Berginc<\/span><\/li>\n<li><span style=\"font-size: 16px; line-height: 22.4px;\" data-fusion-font=\"true\">Lucija Grm<\/span><\/li>\n<li><span style=\"font-size: 16px; line-height: 22.4px;\" data-fusion-font=\"true\">Mateja Feltrin Novljan<\/span><\/li>\n<li><span style=\"font-size: 16px; line-height: 22.4px;\" data-fusion-font=\"true\">Tija Robas<\/span><\/li>\n<li><span style=\"font-size: 16px; line-height: 22.4px;\" data-fusion-font=\"true\">Bo\u017eislava \u010co\u017e<\/span><\/li>\n<\/ul>\n<\/div><\/div><\/div><div class=\"fusion-layout-column fusion_builder_column fusion-builder-column-3 fusion_builder_column_1_3 1_3 fusion-flex-column\" style=\"--awb-bg-position:right center;--awb-bg-size:40%;--awb-width-large:33.333333333333%;--awb-margin-top-large:0px;--awb-spacing-right-large:7.125%;--awb-margin-bottom-large:20px;--awb-spacing-left-large:7.125%;--awb-width-medium:100%;--awb-order-medium:0;--awb-spacing-right-medium:2.375%;--awb-spacing-left-medium:2.375%;--awb-width-small:100%;--awb-order-small:0;--awb-spacing-right-small:2.375%;--awb-spacing-left-small:2.375%;\"><div class=\"fusion-column-wrapper fusion-column-has-shadow fusion-flex-justify-content-flex-start fusion-content-layout-column\"><div class=\"fusion-text fusion-text-5\"><p><b><span style=\"font-size: 16px;\" data-fusion-font=\"true\">Produkcija<\/span><br \/>\n<\/b><\/p>\n<p><span style=\"background-color: rgba(0, 0, 0, 0); font-size: 16px;\" data-fusion-font=\"true\">Zvo\u010dna knjiga je bila posneta oktobra 2025 v studiu Ritem.<\/span><\/p>\n<\/div><\/div><\/div><\/div><\/div><div class=\"fusion-fullwidth fullwidth-box fusion-builder-row-2 fusion-flex-container nonhundred-percent-fullwidth non-hundred-percent-height-scrolling\" style=\"--awb-background-position:left top;--awb-border-radius-top-left:0px;--awb-border-radius-top-right:0px;--awb-border-radius-bottom-right:0px;--awb-border-radius-bottom-left:0px;--awb-padding-top:0px;--awb-padding-bottom:0px;--awb-background-color:#ffffff;--awb-background-size:contain;--awb-flex-wrap:wrap;\" ><div class=\"fusion-builder-row fusion-row fusion-flex-align-items-stretch fusion-flex-content-wrap\" style=\"max-width:1365px;margin-left: calc(-5% \/ 2 );margin-right: calc(-5% \/ 2 );\"><div class=\"fusion-layout-column fusion_builder_column fusion-builder-column-4 fusion_builder_column_1_3 1_3 fusion-flex-column\" style=\"--awb-bg-position:right center;--awb-bg-size:40%;--awb-width-large:33.333333333333%;--awb-margin-top-large:0px;--awb-spacing-right-large:7.125%;--awb-margin-bottom-large:20px;--awb-spacing-left-large:7.125%;--awb-width-medium:100%;--awb-order-medium:0;--awb-spacing-right-medium:2.375%;--awb-spacing-left-medium:2.375%;--awb-width-small:100%;--awb-order-small:0;--awb-spacing-right-small:2.375%;--awb-spacing-left-small:2.375%;\"><div class=\"fusion-column-wrapper fusion-column-has-shadow fusion-flex-justify-content-flex-start fusion-content-layout-column\"><div ><a class=\"fusion-button button-flat fusion-button-default-size button-custom fusion-button-default button-1 fusion-button-span-yes fusion-button-default-type\" style=\"--button_accent_color:var(--awb-color1);--button_accent_hover_color:var(--awb-color1);--button_border_hover_color:var(--awb-color3);--button_gradient_top_color:var(--awb-color3);--button_gradient_bottom_color:var(--awb-color3);--button_gradient_top_color_hover:var(--awb-color3);--button_gradient_bottom_color_hover:var(--awb-color3);--button_margin-top:20px;\" target=\"_blank\" rel=\"noopener noreferrer\" href=\"https:\/\/open.spotify.com\/show\/3UH0tQfxxTvqwfx0t3kOHU?si=a6e2b2ee443a465b\"><span class=\"fusion-button-text awb-button__text awb-button__text--default\">Spotify<\/span><\/a><\/div><\/div><\/div><div class=\"fusion-layout-column fusion_builder_column fusion-builder-column-5 fusion_builder_column_1_3 1_3 fusion-flex-column\" style=\"--awb-bg-position:right center;--awb-bg-size:40%;--awb-width-large:33.333333333333%;--awb-margin-top-large:0px;--awb-spacing-right-large:7.125%;--awb-margin-bottom-large:20px;--awb-spacing-left-large:7.125%;--awb-width-medium:100%;--awb-order-medium:0;--awb-spacing-right-medium:2.375%;--awb-spacing-left-medium:2.375%;--awb-width-small:100%;--awb-order-small:0;--awb-spacing-right-small:2.375%;--awb-spacing-left-small:2.375%;\"><div class=\"fusion-column-wrapper fusion-column-has-shadow fusion-flex-justify-content-flex-start fusion-content-layout-column\"><div ><a class=\"fusion-button button-flat fusion-button-default-size button-custom fusion-button-default button-2 fusion-button-span-yes fusion-button-default-type\" style=\"--button_accent_color:var(--awb-color1);--button_accent_hover_color:var(--awb-color1);--button_border_hover_color:var(--awb-color3);--button_gradient_top_color:var(--awb-color3);--button_gradient_bottom_color:var(--awb-color3);--button_gradient_top_color_hover:var(--awb-color3);--button_gradient_bottom_color_hover:var(--awb-color3);--button_margin-top:20px;--button_margin-bottom:10px;\" target=\"_blank\" rel=\"noopener noreferrer\" href=\"https:\/\/audibook.si\/book\/xzop\"><span class=\"fusion-button-text awb-button__text awb-button__text--default\">Audibook<\/span><\/a><\/div><div class=\"fusion-text fusion-text-6\"><p><span style=\"font-size: 12px; line-height: 10px;\">Avdio knjiga je za poslu\u0161anje na voljo v brezpla\u010dni spletni in mobilni aplikaciji Audibook. Na voljo je tako na iOS in Android napravah. Aplikacija je brezpla\u010dna, prav tako avdio knjiga.<\/span><\/p>\n<\/div><div class=\"fusion-separator fusion-full-width-sep\" style=\"align-self: center;margin-left: auto;margin-right: auto;width:100%;\"><\/div><\/div><\/div><div class=\"fusion-layout-column fusion_builder_column fusion-builder-column-6 fusion_builder_column_1_3 1_3 fusion-flex-column\" style=\"--awb-bg-position:right center;--awb-bg-size:40%;--awb-width-large:33.333333333333%;--awb-margin-top-large:0px;--awb-spacing-right-large:7.125%;--awb-margin-bottom-large:20px;--awb-spacing-left-large:7.125%;--awb-width-medium:100%;--awb-order-medium:0;--awb-spacing-right-medium:2.375%;--awb-spacing-left-medium:2.375%;--awb-width-small:100%;--awb-order-small:0;--awb-spacing-right-small:2.375%;--awb-spacing-left-small:2.375%;\"><div class=\"fusion-column-wrapper fusion-column-has-shadow fusion-flex-justify-content-flex-start fusion-content-layout-column\"><div ><a class=\"fusion-button button-flat fusion-button-default-size button-custom fusion-button-default button-3 fusion-button-span-yes fusion-button-default-type\" style=\"--button_accent_color:var(--awb-color1);--button_accent_hover_color:var(--awb-color1);--button_border_hover_color:var(--awb-color3);--button_gradient_top_color:var(--awb-color3);--button_gradient_bottom_color:var(--awb-color3);--button_gradient_top_color_hover:var(--awb-color3);--button_gradient_bottom_color_hover:var(--awb-color3);--button_margin-top:20px;\" target=\"_blank\" rel=\"noopener noreferrer\" href=\"https:\/\/youtube.com\/playlist?list=PL4OO2LBllYuD6GYS8MGfr5bDR5frvGpy2&amp;si=mBFfD4Hef-0kb3Ei\"><span class=\"fusion-button-text awb-button__text awb-button__text--default\">YouTube<\/span><\/a><\/div><\/div><\/div><\/div><\/div><div class=\"fusion-fullwidth fullwidth-box fusion-builder-row-3 fusion-flex-container nonhundred-percent-fullwidth non-hundred-percent-height-scrolling\" style=\"--awb-background-position:left top;--awb-border-radius-top-left:0px;--awb-border-radius-top-right:0px;--awb-border-radius-bottom-right:0px;--awb-border-radius-bottom-left:0px;--awb-padding-top:0px;--awb-padding-bottom:3vw;--awb-background-color:#ffffff;--awb-background-size:contain;--awb-flex-wrap:wrap;\" ><div class=\"fusion-builder-row fusion-row fusion-flex-align-items-stretch fusion-flex-content-wrap\" style=\"max-width:1365px;margin-left: calc(-5% \/ 2 );margin-right: calc(-5% \/ 2 );\"><div class=\"fusion-layout-column fusion_builder_column fusion-builder-column-7 fusion_builder_column_1_1 1_1 fusion-flex-column\" style=\"--awb-bg-position:right center;--awb-bg-size:40%;--awb-width-large:100%;--awb-margin-top-large:0px;--awb-spacing-right-large:2.375%;--awb-margin-bottom-large:20px;--awb-spacing-left-large:2.375%;--awb-width-medium:100%;--awb-order-medium:0;--awb-spacing-right-medium:2.375%;--awb-spacing-left-medium:2.375%;--awb-width-small:100%;--awb-order-small:0;--awb-spacing-right-small:2.375%;--awb-spacing-left-small:2.375%;\"><div class=\"fusion-column-wrapper fusion-column-has-shadow fusion-flex-justify-content-flex-start fusion-content-layout-column\"><div class=\"fusion-text fusion-text-7 fusion-text-no-margin\" style=\"--awb-font-size:16px;--awb-line-height:1.6;--awb-letter-spacing:var(--awb-typography4-letter-spacing);--awb-text-transform:var(--awb-typography4-text-transform);--awb-text-color:var(--awb-color7);--awb-margin-top:0px;--awb-margin-bottom:0px;\"><p><iframe style=\"background-color: rgba(0, 0, 0, 0); border-radius: 12px;\" src=\"https:\/\/open.spotify.com\/embed\/show\/3UH0tQfxxTvqwfx0t3kOHU?utm_source=generator&amp;t=0\" width=\"100%\" height=\"152\" frameborder=\"0\" allowfullscreen=\"allowfullscreen\" data-testid=\"embed-iframe\"><\/iframe>&nbsp;<\/p>\n<\/div><\/div><\/div><div class=\"fusion-layout-column fusion_builder_column fusion-builder-column-8 fusion_builder_column_1_1 1_1 fusion-flex-column\" style=\"--awb-bg-position:right center;--awb-bg-size:40%;--awb-width-large:100%;--awb-margin-top-large:0px;--awb-spacing-right-large:2.375%;--awb-margin-bottom-large:20px;--awb-spacing-left-large:2.375%;--awb-width-medium:100%;--awb-order-medium:0;--awb-spacing-right-medium:2.375%;--awb-spacing-left-medium:2.375%;--awb-width-small:100%;--awb-order-small:0;--awb-spacing-right-small:2.375%;--awb-spacing-left-small:2.375%;\"><div class=\"fusion-column-wrapper fusion-column-has-shadow fusion-flex-justify-content-flex-start fusion-content-layout-column\"><div class=\"fusion-text fusion-text-8 fusion-text-no-margin\" style=\"--awb-font-size:16px;--awb-line-height:var(--awb-typography2-line-height);--awb-letter-spacing:var(--awb-typography2-letter-spacing);--awb-text-transform:uppercase;--awb-text-color:var(--awb-color5);--awb-margin-top:3vw;--awb-margin-bottom:6px;\"><p><span style=\"background-color: rgba(0, 0, 0, 0);\"><b>Tiskana in digitalna knjiga<\/b><\/span><strong> <i>&#8220;V NJENI KO\u017dI&#8221;<\/i><\/strong><\/p>\n<\/div><div class=\"fusion-separator\" style=\"align-self: flex-start;margin-right:auto;width:100%;max-width:40%;\"><div class=\"fusion-separator-border sep-single sep-solid\" style=\"--awb-height:20px;--awb-amount:20px;--awb-sep-color:var(--awb-color6);border-color:var(--awb-color6);border-top-width:1px;\"><\/div><\/div><div class=\"fusion-text fusion-text-9 fusion-text-no-margin\" style=\"--awb-font-size:16px;--awb-line-height:1.6;--awb-letter-spacing:var(--awb-typography4-letter-spacing);--awb-text-transform:var(--awb-typography4-text-transform);--awb-text-color:var(--awb-color7);--awb-margin-top:20px;--awb-margin-bottom:10px;\"><p><span style=\"color: var(--awb-text-color); font-family: var(--awb-text-font-family); font-size: var(--awb-font-size); font-style: var(--awb-text-font-style); font-weight: var(--awb-text-font-weight); letter-spacing: var(--awb-letter-spacing); text-align: var(--awb-content-alignment); text-transform: var(--awb-text-transform); background-color: var(--awb-bg-color-hover);\"><img decoding=\"async\" class=\"lazyload wp-image-3123 size-fusion-400 alignleft\" src=\"https:\/\/drustvo-sos.si\/wp-content\/uploads\/2024\/02\/drustvo-sos-v-njeni-kozi-1-400x400.png\" data-orig-src=\"https:\/\/drustvo-sos.si\/wp-content\/uploads\/2024\/02\/drustvo-sos-v-njeni-kozi-1-400x400.png\" alt=\"\" width=\"400\" height=\"400\" srcset=\"data:image\/svg+xml,%3Csvg%20xmlns%3D%27http%3A%2F%2Fwww.w3.org%2F2000%2Fsvg%27%20width%3D%27400%27%20height%3D%27400%27%20viewBox%3D%270%200%20400%20400%27%3E%3Crect%20width%3D%27400%27%20height%3D%27400%27%20fill-opacity%3D%220%22%2F%3E%3C%2Fsvg%3E\" data-srcset=\"https:\/\/drustvo-sos.si\/wp-content\/uploads\/2024\/02\/drustvo-sos-v-njeni-kozi-1-66x66.png 66w, https:\/\/drustvo-sos.si\/wp-content\/uploads\/2024\/02\/drustvo-sos-v-njeni-kozi-1-150x150.png 150w, https:\/\/drustvo-sos.si\/wp-content\/uploads\/2024\/02\/drustvo-sos-v-njeni-kozi-1-200x200.png 200w, https:\/\/drustvo-sos.si\/wp-content\/uploads\/2024\/02\/drustvo-sos-v-njeni-kozi-1-300x300.png 300w, https:\/\/drustvo-sos.si\/wp-content\/uploads\/2024\/02\/drustvo-sos-v-njeni-kozi-1-400x400.png 400w, https:\/\/drustvo-sos.si\/wp-content\/uploads\/2024\/02\/drustvo-sos-v-njeni-kozi-1-600x600.png 600w, https:\/\/drustvo-sos.si\/wp-content\/uploads\/2024\/02\/drustvo-sos-v-njeni-kozi-1-768x768.png 768w, https:\/\/drustvo-sos.si\/wp-content\/uploads\/2024\/02\/drustvo-sos-v-njeni-kozi-1-800x800.png 800w, https:\/\/drustvo-sos.si\/wp-content\/uploads\/2024\/02\/drustvo-sos-v-njeni-kozi-1-1024x1024.png 1024w, https:\/\/drustvo-sos.si\/wp-content\/uploads\/2024\/02\/drustvo-sos-v-njeni-kozi-1.png 1080w\" data-sizes=\"auto\" data-orig-sizes=\"(max-width: 400px) 100vw, 400px\" \/><\/span>Dragi bralci, drage bralke<\/p>\n<\/p>\n<p class=\" translation-block\"><span style=\"color: var(--awb-text-color);font-family: var(--awb-text-font-family);font-size: var(--awb-font-size);font-style: var(--awb-text-font-style);font-weight: var(--awb-text-font-weight);letter-spacing: var(--awb-letter-spacing);text-align: var(--awb-content-alignment);text-transform: var(--awb-text-transform);background-color: var(--awb-bg-color-hover)\"><img class=\"wp-image-3123 size-fusion-400 alignleft lazyautosizes ls-is-cached lazyloaded\" src=\"https:\/\/drustvo-sos.si\/wp-content\/uploads\/2024\/02\/drustvo-sos-v-njeni-kozi-1-400x400.png\" data-orig-src=\"https:\/\/drustvo-sos.si\/wp-content\/uploads\/2024\/02\/drustvo-sos-v-njeni-kozi-1-400x400.png\" alt=\"\" width=\"400\" height=\"400\" data-srcset=\"https:\/\/drustvo-sos.si\/wp-content\/uploads\/2024\/02\/drustvo-sos-v-njeni-kozi-1-66x66.png 66w, https:\/\/drustvo-sos.si\/wp-content\/uploads\/2024\/02\/drustvo-sos-v-njeni-kozi-1-150x150.png 150w, https:\/\/drustvo-sos.si\/wp-content\/uploads\/2024\/02\/drustvo-sos-v-njeni-kozi-1-200x200.png 200w, https:\/\/drustvo-sos.si\/wp-content\/uploads\/2024\/02\/drustvo-sos-v-njeni-kozi-1-300x300.png 300w, https:\/\/drustvo-sos.si\/wp-content\/uploads\/2024\/02\/drustvo-sos-v-njeni-kozi-1-400x400.png 400w, https:\/\/drustvo-sos.si\/wp-content\/uploads\/2024\/02\/drustvo-sos-v-njeni-kozi-1-600x600.png 600w, https:\/\/drustvo-sos.si\/wp-content\/uploads\/2024\/02\/drustvo-sos-v-njeni-kozi-1-768x768.png 768w, https:\/\/drustvo-sos.si\/wp-content\/uploads\/2024\/02\/drustvo-sos-v-njeni-kozi-1-800x800.png 800w, https:\/\/drustvo-sos.si\/wp-content\/uploads\/2024\/02\/drustvo-sos-v-njeni-kozi-1-1024x1024.png 1024w, https:\/\/drustvo-sos.si\/wp-content\/uploads\/2024\/02\/drustvo-sos-v-njeni-kozi-1.png 1080w\" data-sizes=\"auto\" data-orig-sizes=\"(max-width: 400px) 100vw, 400px\"> Before you is a book that brings together 23 stories of women of different ages, from various social and economic backgrounds, with different levels of education and beliefs, yet they have something in common. Unfortunately, they share the experience of having survived intimate partner violence or domestic violence. At the <b>Association SOS Helpline for Women and Children - Victims of Violence<\/b>, we decided to offer the Slovenian professional and general public a book that provides insight into the painful experiences of violence behind closed doors, and to do so by letting those who experienced it speak for themselves. Through their accounts, the reader will confront what it means to be a victim of violence, how differently one can cope with this experience, and how difficult it is to break free from the cycle of violence.\n\nThe goal of the collected stories is to show how people experiencing violence feel within the system, caught in the grip of institutions and procedures that are usually extremely difficult and exhausting for them. As the reader will see, ending a violent relationship does not mean the abuse ends\u2014unfortunately, violence often continues, and sometimes it is even said to become worse, as the perpetrator begins to use all means and mechanisms to destroy the victim through institutions. If this is not recognized, and often it is not, the victim finds herself in a vortex of abuse, caused not only by the perpetrator but also by the system. Since we often ask ourselves what does not work in the system and what does, we decided to ask precisely those who have gone through this struggle.<\/span><\/p>\n<\/p>\n<p>The stories you will read vary in length, as the women interviewed are very different. We gave them space to say what they felt was important and as much as they wished to share. Some described their experiences in great detail on their own, others were prompted by follow-up questions, and some set boundaries beforehand, which we of course respected. Their boundaries were our main guide during the interviews.<\/p>\n<p>Regardless of the length of the stories, we are convinced that all the stories are meaningful, powerful, and in some way inspiring.<\/p>\n<p>Jasna Podreka, Mojca Suhovr\u0161nik, mag. and Maja Plaz<\/p><\/p>\n<\/div><div class=\"fusion-text fusion-text-10 fusion-text-no-margin\" style=\"--awb-font-size:16px;--awb-line-height:var(--awb-typography2-line-height);--awb-letter-spacing:var(--awb-typography2-letter-spacing);--awb-text-transform:uppercase;--awb-text-color:var(--awb-color5);--awb-margin-bottom:6px;\"><p><b>PDF KNJIGE<\/b><\/p>\n<\/div><div class=\"fusion-text fusion-text-11\"><p>Knjiga v .pdf formatu je dostopna <a href=\"https:\/\/drustvo-sos.si\/wp-content\/uploads\/2024\/02\/drustvo-sos-knjiga-V-NJENI-KOZI-SPLET_2023.pdf\" target=\"_blank\" rel=\"noopener\"><b><u>tukaj<\/u><\/b><\/a>.<\/p><\/p>\n<\/div><div class=\"fusion-text fusion-text-12 fusion-text-no-margin\" style=\"--awb-font-size:16px;--awb-line-height:var(--awb-typography2-line-height);--awb-letter-spacing:var(--awb-typography2-letter-spacing);--awb-text-transform:uppercase;--awb-text-color:var(--awb-color5);--awb-margin-bottom:6px;\"><p><b>tiskan izvod KNJIGE<\/b><\/p>\n<\/div><div class=\"fusion-text fusion-text-13\"><p>Tiskani izvodi knjige <i>In her skin<\/i> so <b>\u0161e na voljo<\/b>.<br \/>\u010ce \u017eelite prejeti fizi\u010den izvod knjige, nam pi\u0161ite na: <a href=\"mailto:drustvo-sos@drustvo-sos.si\" target=\"_blank\" rel=\"noopener noreferrer\">drustvo-sos@drustvo-sos.si<\/a><\/p>\n<p>Z veseljem vam posredujemo informacije o razpolo\u017eljivosti in prevzemu.<\/p>\n<\/div><\/div><\/div><\/div><\/div><\/p>","protected":false},"excerpt":{"rendered":"","protected":false},"author":44,"featured_media":3291,"parent":0,"menu_order":0,"comment_status":"closed","ping_status":"closed","template":"100-width.php","meta":{"footnotes":""},"class_list":["post-3289","page","type-page","status-publish","has-post-thumbnail","hentry"],"_links":{"self":[{"href":"https:\/\/drustvo-sos.si\/en\/wp-json\/wp\/v2\/pages\/3289","targetHints":{"allow":["GET"]}}],"collection":[{"href":"https:\/\/drustvo-sos.si\/en\/wp-json\/wp\/v2\/pages"}],"about":[{"href":"https:\/\/drustvo-sos.si\/en\/wp-json\/wp\/v2\/types\/page"}],"author":[{"embeddable":true,"href":"https:\/\/drustvo-sos.si\/en\/wp-json\/wp\/v2\/users\/44"}],"replies":[{"embeddable":true,"href":"https:\/\/drustvo-sos.si\/en\/wp-json\/wp\/v2\/comments?post=3289"}],"version-history":[{"count":35,"href":"https:\/\/drustvo-sos.si\/en\/wp-json\/wp\/v2\/pages\/3289\/revisions"}],"predecessor-version":[{"id":4797,"href":"https:\/\/drustvo-sos.si\/en\/wp-json\/wp\/v2\/pages\/3289\/revisions\/4797"}],"wp:featuredmedia":[{"embeddable":true,"href":"https:\/\/drustvo-sos.si\/en\/wp-json\/wp\/v2\/media\/3291"}],"wp:attachment":[{"href":"https:\/\/drustvo-sos.si\/en\/wp-json\/wp\/v2\/media?parent=3289"}],"curies":[{"name":"wp","href":"https:\/\/api.w.org\/{rel}","templated":true}]}}