{"id":2823,"date":"2024-02-07T13:14:20","date_gmt":"2024-02-07T12:14:20","guid":{"rendered":"https:\/\/drustvo-sos.si?page_id=2823"},"modified":"2024-03-25T11:56:34","modified_gmt":"2024-03-25T10:56:34","slug":"druge-organizacije","status":"publish","type":"page","link":"https:\/\/drustvo-sos.si\/en\/prijava-nasilja\/druge-organizacije\/","title":{"rendered":"Druge organizacije"},"content":{"rendered":"<div class=\"fusion-fullwidth fullwidth-box fusion-builder-row-1 fusion-flex-container nonhundred-percent-fullwidth non-hundred-percent-height-scrolling\" style=\"--awb-background-position:left top;--awb-border-radius-top-left:0px;--awb-border-radius-top-right:0px;--awb-border-radius-bottom-right:0px;--awb-border-radius-bottom-left:0px;--awb-padding-bottom:5vw;--awb-background-color:#ffffff;--awb-background-size:contain;--awb-flex-wrap:wrap;\" ><div class=\"fusion-builder-row fusion-row fusion-flex-align-items-stretch fusion-flex-content-wrap\" style=\"max-width:1365px;margin-left: calc(-5% \/ 2 );margin-right: calc(-5% \/ 2 );\"><div class=\"fusion-layout-column fusion_builder_column fusion-builder-column-0 fusion_builder_column_1_1 1_1 fusion-flex-column\" style=\"--awb-padding-top:30px;--awb-bg-position:right center;--awb-bg-size:40%;--awb-width-large:100%;--awb-margin-top-large:0px;--awb-spacing-right-large:2.375%;--awb-margin-bottom-large:20px;--awb-spacing-left-large:2.375%;--awb-width-medium:100%;--awb-order-medium:0;--awb-spacing-right-medium:2.375%;--awb-spacing-left-medium:2.375%;--awb-width-small:100%;--awb-order-small:0;--awb-spacing-right-small:2.375%;--awb-spacing-left-small:2.375%;\"><div class=\"fusion-column-wrapper fusion-column-has-shadow fusion-flex-justify-content-flex-start fusion-content-layout-column\"><div class=\"fusion-text fusion-text-1 fusion-text-no-margin\" style=\"--awb-font-size:18px;--awb-line-height:1.8;--awb-letter-spacing:var(--awb-typography4-letter-spacing);--awb-text-transform:var(--awb-typography4-text-transform);--awb-text-color:var(--awb-color7);--awb-margin-top:0px;--awb-margin-bottom:10px;\"><p>\u010ce do\u017eivljate nasilje ali bi radi pomagali ljudem, ki do\u017eivljajo nasilje, se lahko po pomo\u010d obrnete tudi na spodaj na\u0161tete nevladne organizacije in dr\u017eavne institucije.<\/p>\n<\/div><\/div><\/div><div class=\"fusion-layout-column fusion_builder_column fusion-builder-column-1 fusion_builder_column_1_1 1_1 fusion-flex-column\" style=\"--awb-bg-size:cover;--awb-width-large:100%;--awb-margin-top-large:0px;--awb-spacing-right-large:2.375%;--awb-margin-bottom-large:20px;--awb-spacing-left-large:2.375%;--awb-width-medium:100%;--awb-order-medium:0;--awb-spacing-right-medium:2.375%;--awb-spacing-left-medium:2.375%;--awb-width-small:100%;--awb-order-small:0;--awb-spacing-right-small:2.375%;--awb-spacing-left-small:2.375%;\"><div class=\"fusion-column-wrapper fusion-column-has-shadow fusion-flex-justify-content-center fusion-content-layout-column\"><div class=\"fusion-text fusion-text-2\" style=\"--awb-font-size:16px;--awb-line-height:1.6;\"><h4>UMIK NA VARNO<\/h4>\n<ul>\n<li><a href=\"https:\/\/www.scsd.si\/centri-za-socialno-delo\/varne-hise\/\" rel=\"noopener\">Seznam varnih hi\u0161, kriznih centrov in materinskih domov<\/a><\/li>\n<li><a href=\"https:\/\/www.scsd.si\/centri-za-socialno-delo\/krizni-centri\/\" rel=\"noopener\">Seznam kriznih centrov za mlade in otroke<\/a><\/li>\n<li><a href=\"https:\/\/drustvo-kljuc.si\/\" rel=\"noopener\">Dru\u0161tvo KLJU\u010c \u2013 Center za boj proti trgovini z ljudmi<\/a><\/li>\n<\/ul>\n<h4>NEVLADNE ORGANIZACIJE<\/h4>\n<ul>\n<li><a href=\"https:\/\/www.drustvo-dnk.si\/\" rel=\"noopener\">Dru\u0161tvo za nenasilno komunikacijo<\/a><\/li>\n<li><a href=\"https:\/\/www.drustvo-zenska-svetovalnica.si\/\" rel=\"noopener\">Dru\u0161tvo \u017denska svetovalnica<\/a><\/li>\n<li><a href=\"https:\/\/drustvo-kljuc.si\/\" rel=\"noopener\">Dru\u0161tvo KLJU\u010c \u2013 Center za boj proti trgovini z ljudmi<\/a><\/li>\n<li><a href=\"https:\/\/zavod-emma.si\/\" rel=\"noopener\">Zavod EMMA<\/a><\/li>\n<li><a href=\"https:\/\/varnahisanovomesto.si\/\" rel=\"noopener\">Dru\u0161tvo \u017eivljenje brez nasilja Novo mesto<\/a><\/li>\n<li><a href=\"https:\/\/zamoc.si\/\" rel=\"noopener\">Zdru\u017eenje za mo\u010d<\/a><\/li>\n<\/ul>\n<h4>CENTRI ZA SOCIALNO DELO<\/h4>\n<ul>\n<li><a href=\"https:\/\/www.scsd.si\/centri-za-socialno-delo\/\" rel=\"noopener\">Seznam centrov za socialno delo<\/a><\/li>\n<li><a href=\"https:\/\/www.scsd.si\/centri-za-socialno-delo\/koordinacija\/preprecevanje-nasilja\/\" rel=\"noopener\">Seznam regionalnih koordinatoric za nasilje<\/a><\/li>\n<li><strong>CSD Celje<\/strong><br \/>\n<a href=\"https:\/\/www.csd-slovenije.si\/csd-celje\/enota-celje\/programi\/\" rel=\"noopener\">Skupina za pomo\u010d in samopomo\u010d \u017eenskam v stiski \u2013 \u00bbMo\u010d\u00ab<\/a><\/li>\n<li><strong>CSD Maribor<\/strong><br \/>\n<a href=\"https:\/\/www.csd-slovenije.si\/csd-maribor\/svetovalnica-za-zrtve-nasilja\/\" rel=\"noopener\">Svetovalnica za \u017ertve nasilja in zlorab Maribor<\/a><\/li>\n<\/ul>\n<h4>DELO Z OSEBAMI, KI POVZRO\u010cAJO NASILJE<\/h4>\n<ul>\n<li><a href=\"https:\/\/www.drustvo-dnk.si\/\" rel=\"noopener\">Dru\u0161tvo za nenasilno komunikacijo<\/a><\/li>\n<\/ul>\n<h4>BREZPLA\u010cNA PRAVNA POMO\u010c IN PRAVNI NASVETI<\/h4>\n<ul>\n<li><a href=\"https:\/\/www.sodisce.si\/sodisca\/seznam_sodisc\/\" rel=\"noopener\">Okro\u017ena sodi\u0161\u010da<\/a><\/li>\n<li><a href=\"https:\/\/zavodpip.si\/\" rel=\"noopener\">Zavod PIP \u201cPravo, informacije, pomo\u010d\u201d<\/a><\/li>\n<li><a href=\"https:\/\/pic.si\/?podrocje=cp&amp;zavihek=3\" rel=\"noopener\">Pravno informacijski center nevladnih organizacij \u2013 PIC<\/a><\/li>\n<\/ul>\n<h4>VARSTVO PRAVIC<\/h4>\n<ul>\n<li><a href=\"https:\/\/www.varuh-rs.si\/\" rel=\"noopener\">Varuh \u010dlovekovih pravic<\/a><\/li>\n<li><a href=\"https:\/\/zagovornik.si\/\" rel=\"noopener\">Zagovornik na\u010dela enakosti<\/a><\/li>\n<li><a href=\"https:\/\/www.gov.si\/drzavni-organi\/organi-v-sestavi\/inspektorat-za-delo\/\" rel=\"noopener\">In\u0161pektorat Republike Slovenije za delo<\/a><\/li>\n<\/ul>\n<\/div><\/div><\/div><\/div><\/div>","protected":false},"excerpt":{"rendered":"","protected":false},"author":44,"featured_media":2674,"parent":2559,"menu_order":0,"comment_status":"closed","ping_status":"closed","template":"100-width.php","meta":{"footnotes":""},"class_list":["post-2823","page","type-page","status-publish","has-post-thumbnail","hentry"],"_links":{"self":[{"href":"https:\/\/drustvo-sos.si\/en\/wp-json\/wp\/v2\/pages\/2823","targetHints":{"allow":["GET"]}}],"collection":[{"href":"https:\/\/drustvo-sos.si\/en\/wp-json\/wp\/v2\/pages"}],"about":[{"href":"https:\/\/drustvo-sos.si\/en\/wp-json\/wp\/v2\/types\/page"}],"author":[{"embeddable":true,"href":"https:\/\/drustvo-sos.si\/en\/wp-json\/wp\/v2\/users\/44"}],"replies":[{"embeddable":true,"href":"https:\/\/drustvo-sos.si\/en\/wp-json\/wp\/v2\/comments?post=2823"}],"version-history":[{"count":3,"href":"https:\/\/drustvo-sos.si\/en\/wp-json\/wp\/v2\/pages\/2823\/revisions"}],"predecessor-version":[{"id":4066,"href":"https:\/\/drustvo-sos.si\/en\/wp-json\/wp\/v2\/pages\/2823\/revisions\/4066"}],"up":[{"embeddable":true,"href":"https:\/\/drustvo-sos.si\/en\/wp-json\/wp\/v2\/pages\/2559"}],"wp:featuredmedia":[{"embeddable":true,"href":"https:\/\/drustvo-sos.si\/en\/wp-json\/wp\/v2\/media\/2674"}],"wp:attachment":[{"href":"https:\/\/drustvo-sos.si\/en\/wp-json\/wp\/v2\/media?parent=2823"}],"curies":[{"name":"wp","href":"https:\/\/api.w.org\/{rel}","templated":true}]}}